{"id":31,"date":"2023-02-05T21:06:22","date_gmt":"2023-02-05T20:06:22","guid":{"rendered":"https:\/\/www.flugplatz-uelzen.de\/wordpress\/?page_id=31"},"modified":"2023-11-12T19:26:52","modified_gmt":"2023-11-12T18:26:52","slug":"verein","status":"publish","type":"page","link":"https:\/\/www.flugplatz-uelzen.de\/wordpress\/verein\/","title":{"rendered":"Verein"},"content":{"rendered":"\n<p class=\"has-colibri-color-6-color has-text-color\">Der gemeinschaftliche Spa\u00df am Flugsport ist die Maxime des Flugsportvereins Cumulus Uelzen e.V. Der 1951 gegr\u00fcndete Verein&nbsp; ist als gemeinn\u00fctzig anerkannt und widmet sich satzungsgem\u00e4\u00df der F\u00f6rderung des Flugsports \u201ezum Zwecke der k\u00f6rperlichen und charakterlichen Ert\u00fcchtigung\u201c. Flugbetrieb findet in den Sparten Motorflug und Segelflug statt.<\/p>\n\n\n\n<p class=\"has-colibri-color-6-color has-text-color\">So variantenreich wie das Fliegen ist auch die Zusammensetzung der Vereinsmitglieder. Der Flugsportverein Cumulus Uelzen e.V. ist ein lebhafter und breit aufgestellter Verein, in dem Menschen ihre unterschiedlichen beruflichen und privaten F\u00e4higkeiten einbringen, um den Flugbetrieb zu organisieren.<\/p>\n\n\n\n<p class=\"has-colibri-color-6-color has-text-color\">Der Verein ist auf dem Flugplatz Uelzen beheimatet. Das Flugplatzgel\u00e4nde ist Eigentum des Landkreises, wird vom Verein unentgeltlich genutzt und daf\u00fcr instand gehalten und gepflegt. F\u00fcr den reibungslosen Flugbetrieb sorgen die Flugleiter, Flugbetriebsleiter, Werkstattleiter, Flugzeugwarte, Fluglehrer, Windenfahrer, Seilr\u00fcckholer, Kantinendienste, der Vereinsvorstand sowie viele andere Helfer.<\/p>\n\n\n\n<p class=\"has-colibri-color-6-color has-text-color\">Das genutzte Flugger\u00e4t und alles, was dazu geh\u00f6rt, ist Vereinseigentum und wird in Eigenregie instand gehalten. Durch die Mitarbeit der Mitglieder bei der Reparatur, Wartung und Pflege unserer Maschinen und Einrichtungen wird die Fliegerei f\u00fcr jeden erschwinglich. Insgesamt stehen den Mitgliedern neun Flugzeuge zur Verf\u00fcgung, vier Motor- und f\u00fcnf Segelflugzeuge.<\/p>\n\n\n\n<p class=\"has-colibri-color-6-color has-text-color\">Auch das Familienleben kommt nicht zu kurz: Familien mit Kindern sind im Verein herzlich willkommen. Auf dem Platz vor dem Kasino befindet sich ein Kinderspielplatz, nat\u00fcrlich mit direktem Blick auf das Flugfeld!<\/p>\n\n\n\n<p class=\"has-colibri-color-6-color has-text-color\">Kurz gesagt: Der Flugsportverein Cumulus Uelzen ist ein engagierter Verein und bietet seinen Mitgliedern einen gepflegten Flugzeugpark mit niedrigen Fluggeb\u00fchren, eine kostenlose, qualifizierte Ausbildung, viel Spa\u00df am Fliegen und ein interessantes Vereinsleben!<\/p>\n\n\n\n<div style=\"height:50px\" aria-hidden=\"true\" class=\"wp-block-spacer\"><\/div>\n\n\n\n<div style=\"height:50px\" aria-hidden=\"true\" class=\"wp-block-spacer\"><\/div>\n\n\n\n<h2 class=\"wp-block-heading\">ENGAGIERTE MITGLIEDER SIND DAS FUNDAMENT DES VEREINS<\/h2>\n\n\n\n<p class=\"has-colibri-color-6-color has-text-color\">Alle anfallenden T\u00e4tigkeiten werden von den Mitgliedern ehrenamtlich und in Eigeninitiative durchgef\u00fchrt. Deshalb ist der Verein auf engagierte Mitglieder angewiesen, die sich tatkr\u00e4ftig einbringen. Damit die anfallenden T\u00e4tigkeiten gerecht auf alle Mitglieder verteilt werden, ist jedes aktive Mitglied&nbsp; angehalten eine gewisse Anzahl von Baustunden abzuleisten. Aktive Vereinsmitglieder haben 55 Baustunden im Jahr zu leisten, bei Privathaltern ohne Nutzung von Vereinsflugzeugen sind es 30 Baustunden. Nicht geleistete Baustunden sind zu bezahlen.<\/p>\n\n\n\n<p class=\"has-colibri-color-6-color has-text-color\">Je nach Interesse und Fertigkeiten sind Vereinsmitglieder z.B. in folgenden Bereichen t\u00e4tig:<\/p>\n\n\n\n<ul class=\"has-colibri-color-6-color has-text-color wp-block-list\">\n<li>Leitung des Flugbetriebes<\/li>\n\n\n\n<li>Wartung und Pflege der Motor- und Segelflugzeuge<\/li>\n\n\n\n<li>Wartung und Pflege der Flugplatzfahrzeuge<\/li>\n\n\n\n<li>Instandhaltung und Pflege des Flugplatzgeb\u00e4udes<\/li>\n\n\n\n<li>Instandhaltung und Pflege des Flugplatzgel\u00e4ndes<\/li>\n\n\n\n<li>Theoretische und praktische Ausbildung der Flugsch\u00fcler<\/li>\n\n\n\n<li>Segelflugbetrieb (Wartung von Startwagen und Winde)<\/li>\n\n\n\n<li>Betrieb der Tankstelle<\/li>\n\n\n\n<li>Betriebsleitung<\/li>\n\n\n\n<li>\u00d6ffentlichkeitsarbeit<\/li>\n\n\n\n<li>Planung- und Organisation von Veranstaltungen<\/li>\n\n\n\n<li>Vorstandsarbeit<\/li>\n<\/ul>\n\n\n\n<p class=\"has-colibri-color-6-color has-text-color\">Engagierte Mitglieder sind das Fundament des Vereins. Jedes Jahr leisten sie mehr als 6.000 Baustunden, um den Flugplatz zu betreiben und die Vereinsmitglieder in die Luft zu bringen!<\/p>\n\n\n\n<div style=\"height:50px\" aria-hidden=\"true\" class=\"wp-block-spacer\"><\/div>\n\n\n\n<h2 class=\"wp-block-heading\">VERANSTALTUNGEN<\/h2>\n\n\n\n<p class=\"has-colibri-color-6-color has-text-color\">Fliegen, Spa\u00df und Unterhaltung sind f\u00fcr die Vereinsmitglieder sehr wichtig, darum sind viele gemeinsame Veranstaltungen f\u00fcr Jung und Alt Bestandteil des Vereinslebens. Im Laufe eines Jahres organisieren Vereinsmitglieder ca. 40 Veranstaltungen!<\/p>\n\n\n\n<p class=\"has-colibri-color-6-color has-text-color\">Dazu geh\u00f6ren:<\/p>\n\n\n\n<h3 class=\"wp-block-heading\">\u00d6ffentliche Veranstaltungen<\/h3>\n\n\n\n<ul class=\"has-colibri-color-6-color has-text-color wp-block-list\">\n<li>Gro\u00dfes Flugplatzfest am Himmelfahrtstag<\/li>\n\n\n\n<li>Ziellandewettbewerb<\/li>\n\n\n\n<li>Schnuppertag Motorflug<\/li>\n\n\n\n<li>Schnuppertag Segelflug<\/li>\n\n\n\n<li>Ferienspa\u00df Segelflug<\/li>\n<\/ul>\n\n\n\n<h3 class=\"wp-block-heading\">Vereinsinterne Veranstaltungen<\/h3>\n\n\n\n<ul class=\"has-colibri-color-6-color has-text-color wp-block-list\">\n<li>Gemeinsame Ausfl\u00fcge mit den Flugzeugen<\/li>\n\n\n\n<li>Besuch der Duxford Flying Legends Airshow, England<\/li>\n\n\n\n<li>Cumulus Filmclub<\/li>\n\n\n\n<li>Sonntags-Brunch<\/li>\n\n\n\n<li>Kanu-Tour<\/li>\n\n\n\n<li>Kart fahren<\/li>\n\n\n\n<li>Abfliegen der Segelflieger zum Saisonende<\/li>\n\n\n\n<li>Nachtwanderung f\u00fcr Kinder<\/li>\n\n\n\n<li>Weihnachtskekse backen mit Kindern<\/li>\n\n\n\n<li>Kinderfest<\/li>\n\n\n\n<li>Weihnachtsfeier<\/li>\n\n\n\n<li>Gr\u00fcnkohlessen<\/li>\n\n\n\n<li>Flugsch\u00fcleressen<\/li>\n\n\n\n<li>Osterfeuer<\/li>\n\n\n\n<li>Motorflugwoche<\/li>\n\n\n\n<li>Mitsommer-Fest<\/li>\n\n\n\n<li>Mitsommer-Fliegen<\/li>\n\n\n\n<li>Mopedrennen<\/li>\n\n\n\n<li>Cocktail Party<\/li>\n<\/ul>\n\n\n\n<figure class=\"wp-block-image size-full\"><img loading=\"lazy\" decoding=\"async\" width=\"800\" height=\"533\" src=\"https:\/\/www.flugplatz-uelzen.de\/wordpress\/wp-content\/uploads\/2023\/05\/verein-verein-nachtwanderung-text-web.jpg\" alt=\"\" class=\"wp-image-638\" srcset=\"https:\/\/www.flugplatz-uelzen.de\/wordpress\/wp-content\/uploads\/2023\/05\/verein-verein-nachtwanderung-text-web.jpg 800w, https:\/\/www.flugplatz-uelzen.de\/wordpress\/wp-content\/uploads\/2023\/05\/verein-verein-nachtwanderung-text-web-300x200.jpg 300w, https:\/\/www.flugplatz-uelzen.de\/wordpress\/wp-content\/uploads\/2023\/05\/verein-verein-nachtwanderung-text-web-768x512.jpg 768w\" sizes=\"auto, (max-width: 800px) 100vw, 800px\" \/><figcaption class=\"wp-element-caption\">Nachtwanderung<\/figcaption><\/figure>\n\n\n\n<figure class=\"wp-block-image size-full\"><img loading=\"lazy\" decoding=\"async\" width=\"800\" height=\"482\" src=\"https:\/\/www.flugplatz-uelzen.de\/wordpress\/wp-content\/uploads\/2023\/05\/verein-verein-ziellandewetbewerb-text-web.jpg\" alt=\"\" class=\"wp-image-639\" srcset=\"https:\/\/www.flugplatz-uelzen.de\/wordpress\/wp-content\/uploads\/2023\/05\/verein-verein-ziellandewetbewerb-text-web.jpg 800w, https:\/\/www.flugplatz-uelzen.de\/wordpress\/wp-content\/uploads\/2023\/05\/verein-verein-ziellandewetbewerb-text-web-300x181.jpg 300w, https:\/\/www.flugplatz-uelzen.de\/wordpress\/wp-content\/uploads\/2023\/05\/verein-verein-ziellandewetbewerb-text-web-768x463.jpg 768w\" sizes=\"auto, (max-width: 800px) 100vw, 800px\" \/><figcaption class=\"wp-element-caption\">Ziellandewettbewerb<\/figcaption><\/figure>\n\n\n\n<div style=\"height:50px\" aria-hidden=\"true\" class=\"wp-block-spacer\"><\/div>\n\n\n\n<h2 class=\"wp-block-heading\">QUALIFIZIERTE FLUGAUSBILDUNG<\/h2>\n\n\n\n<p class=\"has-colibri-color-6-color has-text-color\">Der Flugsportverein Cumulus Uelzen e.V. betreibt eine Motorflugschule und eine Segelflugschule, in denen Vereinsmitglieder eine qualifizierte Ausbildung absolvieren k\u00f6nnen.<\/p>\n\n\n\n<p class=\"has-colibri-color-6-color has-text-color\">Der Theorie- und Praxisunterricht ist f\u00fcr Vereinsmitglieder kostenlos, da er von den Fluglehrern in ehrenamtlicher T\u00e4tigkeit erbracht wird. Das bedeutet, Motorflugsch\u00fcler bezahlen nur den Stundenpreis des Schulungsflugzeuges, bei Segelflugsch\u00fclern sind die Windenstarts und die Flugstunden bereits durch den Jahresbeitrag abgedeckt.<\/p>\n\n\n\n<p class=\"has-colibri-color-6-color has-text-color\">F\u00fcr die meisten Vereinsmitglieder ist die Ausbildung im Verein nur der Anfang ihrer Pilotenkarriere. Viele Cumulus-Piloten haben Zusatzberechtigungen, wie z.B. f\u00fcr die Durchf\u00fchrung von Segelflugzeugschlepp oder f\u00fcr den Kunstflug, erworben. Einige Vereinsmitglieder sind sogar im Besitz einer Hubschrauber-Privatpilotenlizenz. Fast alle Motor- und Segelfluglehrer haben ihre Pilotenausbildung im Verein gemacht. Nicht zu vergessen sind die aus dem Verein hervorgegangenen Berufspiloten, die in der kommerziellen Luftfahrt besch\u00e4ftigt sind und heute als Kapit\u00e4n oder Erster Offizier Linienflugzeuge oder Privatjets steuern.<\/p>\n\n\n\n<figure class=\"wp-block-image size-full\"><img loading=\"lazy\" decoding=\"async\" width=\"800\" height=\"629\" src=\"https:\/\/www.flugplatz-uelzen.de\/wordpress\/wp-content\/uploads\/2023\/05\/verein-verein-heli-web.jpg\" alt=\"\" class=\"wp-image-640\" srcset=\"https:\/\/www.flugplatz-uelzen.de\/wordpress\/wp-content\/uploads\/2023\/05\/verein-verein-heli-web.jpg 800w, https:\/\/www.flugplatz-uelzen.de\/wordpress\/wp-content\/uploads\/2023\/05\/verein-verein-heli-web-300x236.jpg 300w, https:\/\/www.flugplatz-uelzen.de\/wordpress\/wp-content\/uploads\/2023\/05\/verein-verein-heli-web-768x604.jpg 768w\" sizes=\"auto, (max-width: 800px) 100vw, 800px\" \/><\/figure>\n\n\n\n<div style=\"height:50px\" aria-hidden=\"true\" class=\"wp-block-spacer\"><\/div>\n\n\n\n<h2 class=\"wp-block-heading\">CUMULUS 2020<\/h2>\n\n\n\n<p class=\"has-colibri-color-6-color has-text-color\">Cumulus 2020 ist ein vom Vorstand ins Leben gerufenes Projekt, in dem der Verein modernisiert und weiter entwickelt werden soll. Die Welt ver\u00e4ndert sich, und ein Verein muss sich den ver\u00e4nderten Gegebenheiten anpassen. In kleinen Projektgruppen erarbeiten Vereinsmitglieder Vorschl\u00e4ge und Konzepte, die sie dann auch selbst\u00e4ndig umsetzen.<\/p>\n\n\n\n<p class=\"has-colibri-color-6-color has-text-color\">Beispiele von Cumulus 2020 Projekten:<\/p>\n\n\n\n<ul class=\"has-colibri-color-6-color has-text-color wp-block-list\">\n<li><strong>Organisation von neuen Veranstaltungen.<\/strong>&nbsp;Z.B. Cocktail-Party, Weihnachtsfeier, monatlicher Film-Club, Kinderfest, Mittsommer-Fest, Kanu-Tour, Rudel-Ausflug, und vieles mehr&#8230;<\/li>\n\n\n\n<li><strong>Aufbau einer neuen Vereins-Webseite.<\/strong>&nbsp; Modernes Design mit Mitgliederportal f\u00fcr den Abruf von Terminen, Veranstaltungen, News und Berichten.<\/li>\n\n\n\n<li><strong>Betreuung von Neumitgliedern<\/strong>. Eine Einf\u00fchrungsveranstaltung und hilfsbereite Ansprechpartner.<\/li>\n<\/ul>\n\n\n\n<p class=\"has-colibri-color-6-color has-text-color\">Cumulus 2020 bieten einen Rahmen f\u00fcr alle Vereinsmitglieder, um sich aktiv an der Weiterentwicklung des Vereins zu beteiligen.<\/p>\n","protected":false},"excerpt":{"rendered":"<p>Der gemeinschaftliche Spa\u00df am Flugsport ist die Maxime des Flugsportvereins Cumulus Uelzen e.V. Der 1951 gegr\u00fcndete Verein&nbsp; ist als gemeinn\u00fctzig anerkannt und widmet sich satzungsgem\u00e4\u00df der F\u00f6rderung des Flugsports \u201ezum [&hellip;]<\/p>\n","protected":false},"author":3,"featured_media":0,"parent":0,"menu_order":0,"comment_status":"closed","ping_status":"closed","template":"","meta":{"footnotes":""},"class_list":["post-31","page","type-page","status-publish","hentry"],"_links":{"self":[{"href":"https:\/\/www.flugplatz-uelzen.de\/wordpress\/wp-json\/wp\/v2\/pages\/31","targetHints":{"allow":["GET"]}}],"collection":[{"href":"https:\/\/www.flugplatz-uelzen.de\/wordpress\/wp-json\/wp\/v2\/pages"}],"about":[{"href":"https:\/\/www.flugplatz-uelzen.de\/wordpress\/wp-json\/wp\/v2\/types\/page"}],"author":[{"embeddable":true,"href":"https:\/\/www.flugplatz-uelzen.de\/wordpress\/wp-json\/wp\/v2\/users\/3"}],"replies":[{"embeddable":true,"href":"https:\/\/www.flugplatz-uelzen.de\/wordpress\/wp-json\/wp\/v2\/comments?post=31"}],"version-history":[{"count":0,"href":"https:\/\/www.flugplatz-uelzen.de\/wordpress\/wp-json\/wp\/v2\/pages\/31\/revisions"}],"wp:attachment":[{"href":"https:\/\/www.flugplatz-uelzen.de\/wordpress\/wp-json\/wp\/v2\/media?parent=31"}],"curies":[{"name":"wp","href":"https:\/\/api.w.org\/{rel}","templated":true}]}}