{"id":30,"date":"2023-02-05T21:06:22","date_gmt":"2023-02-05T20:06:22","guid":{"rendered":"https:\/\/www.flugplatz-uelzen.de\/wordpress\/?page_id=30"},"modified":"2025-07-09T18:39:10","modified_gmt":"2025-07-09T16:39:10","slug":"flugplatz","status":"publish","type":"page","link":"https:\/\/www.flugplatz-uelzen.de\/wordpress\/flugplatz\/","title":{"rendered":"Flugplatz"},"content":{"rendered":"\n<p class=\"has-colibri-color-6-color has-text-color\">Der Flugplatz Uelzen liegt inmitten der L\u00fcneburger Heide, f\u00fcnf Kilometer westlich der nieders\u00e4chsischen Stadt Uelzen. Der Flugplatz ist als Verkehrslandeplatz ausgewiesen und f\u00fcr Motorflugzeuge, Ultraleichtflugzeuge, Motorsegler, Hubschrauber, Segelflugzeuge, Ballone, Fallschirmsprungbetrieb und Modellflug zugelassen.<\/p>\n\n\n\n<p class=\"has-colibri-color-6-color has-text-color\">Seit mehr als 40 Jahren leistet der Flugplatz einen wichtigen Beitrag zur Verkehrsinfrastruktur in der \u00f6stlichen Region zwischen Hamburg und Hannover. Mit seiner 800 m langen Asphaltpiste kann der Flugplatz auch von Flugzeugen und Hubschraubern mit einem zul\u00e4ssigen Gesamtgewicht von 5,7 Tonnen angeflogen werden. Somit sind die Landkreise Uelzen, L\u00fcchow-Dannenberg und L\u00fcneburg auch mit gr\u00f6\u00dferen Luftfahrzeugen erreichbar.<\/p>\n\n\n\n<p class=\"has-colibri-color-6-color has-text-color\">Der Flugplatz wird regelm\u00e4\u00dfig von Gesch\u00e4ftsflugzeugen angeflogen, gelegentlich werden wichtige G\u00fcter und Bauteile eingeflogen, die von Unternehmen oder Betrieben aus der Region zeitnah ben\u00f6tigt werden. Neben der Gesch\u00e4ftsfliegerei steht der Flugplatz f\u00fcr die private Sportfliegerei zur Verf\u00fcgung.<\/p>\n\n\n\n<p class=\"has-colibri-color-6-color has-text-color\">Aufgrund der guten Lage zwischen Hannover und Hamburg wird der Platz gerne von Privatpiloten angeflogen. Sie legen nach einem l\u00e4ngeren Flug eine Pause ein und trinken einen Kaffee im Kasino, betanken ihre Flugzeuge oder holen aktuelle Wetterinformationen ein. Zudem ist der Hundertwasser-Bahnhof in Uelzen ein attraktives Ausflugsziel.<\/p>\n\n\n\n<div style=\"height:50px\" aria-hidden=\"true\" class=\"wp-block-spacer\"><\/div>\n\n\n\n<h2 class=\"wp-block-heading\">INFRASTRUKTUR UND BETREIBER<\/h2>\n\n\n\n<p class=\"has-colibri-color-6-color has-text-color\">Der Flugplatz Uelzen ist Eigentum des Landkreises und wird vom Flugsportverein Cumulus Uelzen e.V. betrieben. Die Infrastruktur umfasst neben der Asphaltlandebahn von 800m x 20m zus\u00e4tzlich noch eine Graspiste, die haupts\u00e4chlich von Segelflugzeugen genutzt wird. Auf dem Gel\u00e4nde steht eine knapp 1.000 Meter lange Schleppstrecke f\u00fcr den Windenstart zur Verf\u00fcgung.<\/p>\n\n\n\n<p class=\"has-colibri-color-6-color has-text-color\">Das Flugplatzgeb\u00e4ude umfasst u.a. eine Halle, in der die vereinseigenen Motor- und Segelflugzeuge untergebracht sind. Dort k\u00f6nnen auch platzfremde Gesch\u00e4fts- oder Sportflugzeuge vor\u00fcbergehend untergestellt werden. F\u00fcr Wartungsarbeiten steht eine Werkstatt zur Verf\u00fcgung. Der Turm, in dem auch ein Schulungsraum untergebracht ist, steht zwischen der Flugzeughalle und dem Vereinsheim, das mit einem gem\u00fctlichen Kasino nebst sanit\u00e4ren Anlagen ausgestattet ist. Ein Komplex von ca. 20 Flugzeughallen f\u00fcr Privatflugzeuge ist abseits der Landebahn angesiedelt.<\/p>\n\n\n\n<p class=\"has-colibri-color-6-color has-text-color\">Der Flugsportverein Cumulus wurde vom Landkreis Uelzen mit der Betriebsf\u00fchrung des Verkehrslandeplatzes beauftragt. Verkehrslandepl\u00e4tze sind kleinere Flugpl\u00e4tze, die dazu verpflichtet sind, jedem Anfliegenden &#8211; bei entsprechender Wetterlage &#8211; von Sonnenauf- bis Sonnenuntergang Landung und Start zu erm\u00f6glichen. Die Vereinsmitglieder halten den regelm\u00e4\u00dfigen Flugbetrieb grunds\u00e4tzlich an Wochenenden und Feiertagen aufrecht. Aber auch werktags k\u00f6nnen Gesch\u00e4fts- und Sportflugzeuge nach vorheriger Anfrage landen. Ein Vereinsmitglied, das die Qualifikation zum Flugleiter hat, kommt dann zum Flugplatz und gew\u00e4hrleistet einen sicheren An- und Abflug.<\/p>\n\n\n\n<p class=\"has-colibri-color-6-color has-text-color\">Alle mit dem Flugbetrieb verbundenen T\u00e4tigkeiten, wie z.B. Flugleitung, Betriebsleitung, Bereitstellung von Betriebsstoffen, Beratung f\u00fcr Piloten, Bereithalten von Rettungsmitteln und Gew\u00e4hrleistung von Erste-Hilfe-Ma\u00dfnahmen Hilfsma\u00dfnahmen in Notf\u00e4llen werden von Vereinsmitgliedern ehrenamtlich geleistet. Die Instandhaltung und Pflege des Geb\u00e4udes und des 21 ha gro\u00dfen Flugplatzgel\u00e4ndes mit den zum Teil unter Naturschutz stehenden Gr\u00fcn- und Heidefl\u00e4chen wird ebenfalls durch Vereinsmitglieder in j\u00e4hrlich ca. 3.000 Arbeitsstunden ehrenamtlich geleistet.<\/p>\n\n\n\n<div style=\"height:50px\" aria-hidden=\"true\" class=\"wp-block-spacer\"><\/div>\n\n\n\n<h2 class=\"wp-block-heading\">AUSFLUGSZIEL FLUGPLATZ<\/h2>\n\n\n\n<p class=\"has-colibri-color-6-color has-text-color\">Der Flugplatz ist ein beliebtes Ausflugsziel in der Region. An Wochenenden und Feiertagen sind viele Familien und Flugsportinteressierte auf dem Platz anzutreffen, die den Flugbetrieb beobachten, in Flugzeugen des Flugsportvereins mitfliegen oder sich im Kasino des Vereinsheimes bei einem Kaffee \u00fcber die Sportfliegerei informieren. Seit mehr als 40 Jahren veranstalten die Mitglieder des Flugsportverein Cumulus Uelzen e.V. an Christi Himmelfahrt ein Flugplatzfest. In den vergangenen Jahren gab es einen Zulauf von jeweils 3.000 \u2013 6.000 Besuchern. Es gibt z.B. Segel- und Motorkunstflug, Flugvorf\u00fchrungen von sehenswerten Flugzeugen sowie Modellflugvorf\u00fchrungen.<\/p>\n\n\n\n<div class=\"wp-block-buttons has-custom-font-size is-content-justification-center is-layout-flex wp-container-core-buttons-is-layout-16018d1d wp-block-buttons-is-layout-flex\" style=\"font-size:14px\">\n<div class=\"wp-block-button\"><a class=\"wp-block-button__link wp-element-button\" href=\"https:\/\/www.flugplatz-uelzen.de\/flugplatz-besuchen\">FLUGPLATZ BESUCHEN<\/a><\/div>\n<\/div>\n\n\n\n<div style=\"height:50px\" aria-hidden=\"true\" class=\"wp-block-spacer\"><\/div>\n\n\n\n<h2 class=\"wp-block-heading\">MOTOR- UND SEGELFLUGSCHULE<\/h2>\n\n\n\n<p class=\"has-colibri-color-6-color has-text-color\">Der Flugsportverein Cumulus e.V. betreibt am Flugplatz Uelzen eine beh\u00f6rdlich zertifizierte Motorflug- und eine Segelflugschule, in der Vereinsmitglieder eine Privatpilotenlizenz erwerben k\u00f6nnen. F\u00fcr die theoretische und praktische Ausbildung stehen qualifizierte Fluglehrer zur Verf\u00fcgung, die f\u00fcr den Verein ehrenamtlich t\u00e4tig sind. Der Schulungsbetrieb findet haupts\u00e4chlich an den Wochenenden sowie Feiertagen statt. F\u00fcr die praktische Schulung werden die Vereinsflugzeuge eingesetzt.<\/p>\n\n\n\n<div style=\"height:50px\" aria-hidden=\"true\" class=\"wp-block-spacer\"><\/div>\n\n\n\n<h2 class=\"wp-block-heading\">GESCHICHTE DES FLUGPLATZ UELZEN<\/h2>\n\n\n\n<figure class=\"wp-block-table is-style-stripes\" style=\"font-size:14px\"><table class=\"has-colibri-color-6-color has-colibri-color-5-background-color has-text-color has-background has-fixed-layout\"><thead><tr><th class=\"has-text-align-right\" data-align=\"right\">Jahr<\/th><th class=\"has-text-align-left\" data-align=\"left\">Ereignis<\/th><\/tr><\/thead><tbody><tr><td class=\"has-text-align-right\" data-align=\"right\"><strong>1970-1971<\/strong><\/td><td class=\"has-text-align-left\" data-align=\"left\">Eine Graspiste wird vom FSV Cumulus angelegt, die Hallen, das Aufenthaltsgeb\u00e4ude und der Tower vom Landkreis Uelzen werden gebaut<\/td><\/tr><tr><td class=\"has-text-align-right\" data-align=\"right\"><strong>1971<\/strong><\/td><td class=\"has-text-align-left\" data-align=\"left\">Der Verkehrslandeplatz Uelzen erh\u00e4lt die Zulassung<\/td><\/tr><tr><td class=\"has-text-align-right\" data-align=\"right\"><strong>1976<\/strong><\/td><td class=\"has-text-align-left\" data-align=\"left\">Ein 400 Meter langer und zehn Meter breiter asphaltierter Landestreifen wird angelegt<\/td><\/tr><tr><td class=\"has-text-align-right\" data-align=\"right\"><strong>1981<\/strong><\/td><td class=\"has-text-align-left\" data-align=\"left\">Die Asphaltbahn wird auf 600 Meter L\u00e4nge und 20 Meter Breite vergr\u00f6\u00dfert<\/td><\/tr><tr><td class=\"has-text-align-right\" data-align=\"right\"><strong>2004<\/strong><\/td><td class=\"has-text-align-left\" data-align=\"left\">Die Asphaltbahn wird auf 800 Meter verl\u00e4ngert<\/td><\/tr><\/tbody><\/table><\/figure>\n","protected":false},"excerpt":{"rendered":"<p>Der Flugplatz Uelzen liegt inmitten der L\u00fcneburger Heide, f\u00fcnf Kilometer westlich der nieders\u00e4chsischen Stadt Uelzen. Der Flugplatz ist als Verkehrslandeplatz ausgewiesen und f\u00fcr Motorflugzeuge, Ultraleichtflugzeuge, Motorsegler, Hubschrauber, Segelflugzeuge, Ballone, Fallschirmsprungbetrieb [&hellip;]<\/p>\n","protected":false},"author":3,"featured_media":0,"parent":0,"menu_order":0,"comment_status":"closed","ping_status":"closed","template":"","meta":{"footnotes":""},"class_list":["post-30","page","type-page","status-publish","hentry"],"_links":{"self":[{"href":"https:\/\/www.flugplatz-uelzen.de\/wordpress\/wp-json\/wp\/v2\/pages\/30","targetHints":{"allow":["GET"]}}],"collection":[{"href":"https:\/\/www.flugplatz-uelzen.de\/wordpress\/wp-json\/wp\/v2\/pages"}],"about":[{"href":"https:\/\/www.flugplatz-uelzen.de\/wordpress\/wp-json\/wp\/v2\/types\/page"}],"author":[{"embeddable":true,"href":"https:\/\/www.flugplatz-uelzen.de\/wordpress\/wp-json\/wp\/v2\/users\/3"}],"replies":[{"embeddable":true,"href":"https:\/\/www.flugplatz-uelzen.de\/wordpress\/wp-json\/wp\/v2\/comments?post=30"}],"version-history":[{"count":0,"href":"https:\/\/www.flugplatz-uelzen.de\/wordpress\/wp-json\/wp\/v2\/pages\/30\/revisions"}],"wp:attachment":[{"href":"https:\/\/www.flugplatz-uelzen.de\/wordpress\/wp-json\/wp\/v2\/media?parent=30"}],"curies":[{"name":"wp","href":"https:\/\/api.w.org\/{rel}","templated":true}]}}