{"id":247,"date":"2023-02-11T14:03:35","date_gmt":"2023-02-11T13:03:35","guid":{"rendered":"https:\/\/www.flugplatz-uelzen.de\/wordpress\/?page_id=247"},"modified":"2023-11-12T19:25:54","modified_gmt":"2023-11-12T18:25:54","slug":"funksprechzeugnisse","status":"publish","type":"page","link":"https:\/\/www.flugplatz-uelzen.de\/wordpress\/funksprechzeugnisse\/","title":{"rendered":"Funksprechzeugnisse"},"content":{"rendered":"\n<h2 class=\"wp-block-heading\">BZF I und BZF II<\/h2>\n\n\n\n<p class=\"has-colibri-color-6-color has-text-color\">Der Besitz eines BZF I oder BZF II Funksprechzeugnisses ist eine Voraussetzung f\u00fcr die Erlangung einer Privatpilotenlizenz und wird f\u00fcr den Motorflug und Segelflug ben\u00f6tigt. BZF I ist ein beschr\u00e4nkt g\u00fcltiges Sprechfunkzeugnis f\u00fcr den Flugfunkdienst in Deutsch und in Englisch, BZF II ist beschr\u00e4nkt g\u00fcltiges Sprechfunkzeugnis f\u00fcr den Flugfunkdienst in Deutsch.<\/p>\n\n\n\n<p class=\"has-colibri-color-6-color has-text-color\">Die theoretische und praktische Ausbildung findet in der Regel alle zwei Jahre in Form von Blockunterricht an Wochenenden statt. Die Pr\u00fcfung wird bei der Nieders\u00e4chsischen Landesbeh\u00f6rde f\u00fcr Stra\u00dfenbau und Verkehr in Wolfenb\u00fcttel absolviert. Eine Vereinsmitgliedschaft ist f\u00fcr die Ausbildung nicht notwendig. Bitte kontaktieren Sie uns \u00fcber das Kontaktformular, um die Termine f\u00fcr den Blockunterricht zu erfragen.<\/p>\n\n\n\n<div style=\"height:50px\" aria-hidden=\"true\" class=\"wp-block-spacer\"><\/div>\n\n\n\n<h2 class=\"wp-block-heading\">ICAO Language Proficiency Test<\/h2>\n\n\n\n<p class=\"has-colibri-color-6-color has-text-color\">Ein ICAO Language Proficiency Test kann von einem zertifizierten Pr\u00fcfer abgenommen werden. Eine Vereinsmitgliedschaft ist daf\u00fcr nicht notwendig. Bitte kontaktieren Sie uns \u00fcber das Kontaktformular f\u00fcr eine Terminabsprache<a href=\"https:\/\/www.flugplatz-uelzen.de\/kontaktformular\">.<\/a><\/p>\n","protected":false},"excerpt":{"rendered":"<p>BZF I und BZF II Der Besitz eines BZF I oder BZF II Funksprechzeugnisses ist eine Voraussetzung f\u00fcr die Erlangung einer Privatpilotenlizenz und wird f\u00fcr den Motorflug und Segelflug ben\u00f6tigt. [&hellip;]<\/p>\n","protected":false},"author":3,"featured_media":0,"parent":0,"menu_order":0,"comment_status":"closed","ping_status":"closed","template":"","meta":{"footnotes":""},"class_list":["post-247","page","type-page","status-publish","hentry"],"_links":{"self":[{"href":"https:\/\/www.flugplatz-uelzen.de\/wordpress\/wp-json\/wp\/v2\/pages\/247","targetHints":{"allow":["GET"]}}],"collection":[{"href":"https:\/\/www.flugplatz-uelzen.de\/wordpress\/wp-json\/wp\/v2\/pages"}],"about":[{"href":"https:\/\/www.flugplatz-uelzen.de\/wordpress\/wp-json\/wp\/v2\/types\/page"}],"author":[{"embeddable":true,"href":"https:\/\/www.flugplatz-uelzen.de\/wordpress\/wp-json\/wp\/v2\/users\/3"}],"replies":[{"embeddable":true,"href":"https:\/\/www.flugplatz-uelzen.de\/wordpress\/wp-json\/wp\/v2\/comments?post=247"}],"version-history":[{"count":0,"href":"https:\/\/www.flugplatz-uelzen.de\/wordpress\/wp-json\/wp\/v2\/pages\/247\/revisions"}],"wp:attachment":[{"href":"https:\/\/www.flugplatz-uelzen.de\/wordpress\/wp-json\/wp\/v2\/media?parent=247"}],"curies":[{"name":"wp","href":"https:\/\/api.w.org\/{rel}","templated":true}]}}