{"id":243,"date":"2023-02-11T13:56:36","date_gmt":"2023-02-11T12:56:36","guid":{"rendered":"https:\/\/www.flugplatz-uelzen.de\/wordpress\/?page_id=243"},"modified":"2026-03-06T08:30:51","modified_gmt":"2026-03-06T07:30:51","slug":"motorflug-ausbildung","status":"publish","type":"page","link":"https:\/\/www.flugplatz-uelzen.de\/wordpress\/motorflug-ausbildung\/","title":{"rendered":"Motorflug-Ausbildung"},"content":{"rendered":"\n<p class=\"has-colibri-color-6-color has-text-color\">Sie sind vom Flugsport begeistert und haben Lust auf\u00b4s Fliegen und eine Ausbildung auf hohem Niveau? Dann sind Sie bei uns genau richtig! Wir, der Flugsportverein Cumulus e.V., betreiben am Flugplatz Uelzen eine zugelassene Motorflugschule, in der nach EU-Richtlinien aufgebaute Ausbildungslehrg\u00e4nge angeboten werden. Sie k\u00f6nnen bei uns eine Motorflug-Privatpilotenlizenz (PPL-A) und, sofern aus flugmedizinischen Gr\u00fcnden erforderlich, die Leichtflugzeugpiloten-Lizenz f\u00fcr Flugzeuge (LAPL-A) erwerben. Lizenzinhaber haben die M\u00f6glichkeit, Klassen- und Zusatzberechtigungen zu erhalten oder ihre Lizenz zu verl\u00e4ngern bzw. zu erneuern. Voraussetzung f\u00fcr die Nutzung der Flugschule ist immer eine Vollmitgliedschaft in unserem Verein.<\/p>\n\n\n\n<p class=\"has-colibri-color-6-color has-text-color\">F\u00fcr die theoretische und praktische Flugausbildung steht ein Team von qualifizierten Motorfluglehrern zur Verf\u00fcgung. Der Theorie- und Praxisunterricht selbst ist kostenlos, da er von den Fluglehrern in ehrenamtlicher T\u00e4tigkeit erbracht wird. Kosten entstehen lediglich durch die Nutzung des Flugzeugs. Das bedeutet, Motorflugsch\u00fcler bezahlen nur ihren Mitgliedsbeitrag und den anfallenden Minutenpreis des Schulungsflugzeuges.<\/p>\n\n\n\n<p class=\"has-colibri-color-6-color has-text-color\">Sie k\u00f6nnen sich auf dieser Seite einen ersten \u00dcberblick \u00fcber die Motorflugausbildung bei uns verschaffen. Wenn Sie mehr erfahren m\u00f6chten, kommen Sie w\u00e4hrend der Flugbetriebszeiten bei uns auf dem Flugplatz vorbei und sprechen uns an. Ein Vorstandsmitglied oder Fluglehrer kann Ihnen dann alles weitere \u00fcber den Verein und zum Thema Ausbildung erkl\u00e4ren. Nach Absprache haben Sie auch die M\u00f6glichkeit, einen Schnupperflug mit einem Fluglehrer zu machen.<\/p>\n\n\n\n<p class=\"has-colibri-color-6-color has-text-color\">Gerne vereinbaren wir auch einen Gespr\u00e4chstermin mit Ihnen. Bitte nutzen Sie das Kontaktformular f\u00fcr Terminanfragen oder Fragen zur Motorflugausbildung.<\/p>\n\n\n\n<div style=\"height:50px\" aria-hidden=\"true\" class=\"wp-block-spacer\"><\/div>\n\n\n\n<h2 class=\"wp-block-heading\">PRIVATPILOTENLIZENZ PPL-A<\/h2>\n\n\n\n<p class=\"has-colibri-color-6-color has-text-color\">Im Motorflug bilden wir f\u00fcr die Privatpilotenlizenz PPL-A nach EU-FCL aus. Mit dieser Lizenz d\u00fcrfen Sie einmotorige Flugzeuge mit Kolbentriebwerk fliegen. Die Lizenz erlaubt auch Fl\u00fcge im europ\u00e4ischen Ausland. Die Lizenz entspricht den Anforderungen der International Civil Aviation Organisation (ICAO) und wird somit weltweit in jedem ICAO Staat anerkannt.<\/p>\n\n\n\n<p class=\"has-colibri-color-6-color has-text-color\"><strong>Voraussetzungen f\u00fcr die Ausbildung<\/strong><\/p>\n\n\n\n<ul class=\"wp-block-list has-colibri-color-6-color has-text-color\">\n<li>Vollmitgliedschaft im Flugsportverein Cumulus Uelzen e.V.<\/li>\n\n\n\n<li>Besitz eines g\u00fcltigen flugmedizinischen Tauglichkeitszeugnisses<\/li>\n\n\n\n<li>Keine relevanten Vorstrafen<\/li>\n\n\n\n<li>nicht zu viele \u201ePunkte in Flensburg\u201c<\/li>\n<\/ul>\n\n\n\n<p class=\"has-colibri-color-6-color has-text-color\"><strong>Theoretische Ausbildung<br><\/strong>Die theoretische Ausbildung erfolgt durch Wochenendlehrg\u00e4nge am Flugplatz Uelzen und Pr\u00fcfungsvorbereitungen am PC. Es gibt die folgenden Unterrichts- und Pr\u00fcfungsf\u00e4cher:<\/p>\n\n\n\n<ul class=\"wp-block-list has-colibri-color-6-color has-text-color\">\n<li>Luftrecht, Luftverkehrs- und Flugsicherungsvorschriften<\/li>\n\n\n\n<li>Luftrechtsaufgaben<\/li>\n\n\n\n<li>Navigation<\/li>\n\n\n\n<li>Meteorologie<\/li>\n\n\n\n<li>Aerodynamik<\/li>\n\n\n\n<li>Allgemeine Luftfahrzeugkenntnisse, Technik<\/li>\n\n\n\n<li>Verhalten in besonderen F\u00e4llen<\/li>\n\n\n\n<li>Menschliches Leistungsverm\u00f6gen<\/li>\n\n\n\n<li>Beschr\u00e4nkt g\u00fcltiges Sprechfunkzeugnis f\u00fcr den Flugfunkdienst (BZF)<\/li>\n<\/ul>\n\n\n\n<p class=\"has-colibri-color-6-color has-text-color\"><strong>Funksprechzeugnis<\/strong><br>In der Regel alle zwei Jahre findet ein Kurs zum Erwerb des Sprechfunkzeugnisses in deutscher oder englischer Sprache (BZF II oder BZF I) statt.<\/p>\n\n\n\n<p class=\"has-colibri-color-6-color has-text-color\"><strong>Praktische Ausbildung<\/strong><br>Die praktische Ausbildung erfolgt nach den Richtlinien der EU und wird auf Vereinsflugzeugen durchgef\u00fchrt. Geschult wird ganzj\u00e4hrig an den Wochenenden. Nach Absprache mit einem Fluglehrer k\u00f6nnen auch individuelle Termine an Werktagen vereinbart werden. Einmal im Jahr findet eine Motorflugwoche statt, in der intensiv geschult wird.<\/p>\n\n\n\n<p class=\"has-colibri-color-6-color has-text-color\">Die praktische Ausbildung umfasst 45 Stunden Flugausbildung, davon mindestens 10 Stunden im Alleinflug.<br>Am Ende der praktischen Ausbildung erfolgt ein Dreiecksflug von 270 Km L\u00e4nge mit zwei Zwischenlandungen.<\/p>\n\n\n\n<p class=\"has-colibri-color-6-color has-text-color\"><strong>Pr\u00fcfungen<\/strong><br>Die theoretische Pr\u00fcfung wird bei der Nieders\u00e4chsischen Landesbeh\u00f6rde f\u00fcr Verkehr und Strassenbau in Wolfenb\u00fcttel abgelegt und umfasst alle theoretischen Unterrichtsf\u00e4cher. Nach Abschlu\u00df der praktischen Ausbildung findet eine praktische Pr\u00fcfung vor einem von der Beh\u00f6rde bestimmten Pr\u00fcfer statt. Diese dauert etwa 90 Minuten und beinhaltet die wichtigsten in der Ausbildung erlernten Verfahren und Flug\u00fcbungen.<\/p>\n\n\n\n<p class=\"has-colibri-color-6-color has-text-color\"><strong>Beginn der Ausbildung<\/strong><br>Ein Beginn der Ausbildung ist jederzeit m\u00f6glich, wobei zu ber\u00fccksichtigen ist, dass w\u00e4hrend der Wintermonate der Schulungsbetrieb wetterbedingt nur eingeschr\u00e4nkt m\u00f6glich sein kann.<\/p>\n\n\n\n<p class=\"has-colibri-color-6-color has-text-color\"><strong>Ausbildungsdauer<\/strong><br>Die Gesamtdauer h\u00e4ngt im wesentlichen vom den zeitlichen Engagement und vom fliegerischen Talent der Flugsch\u00fclerin oder des Flugsch\u00fclers ab. Erfahrungsgem\u00e4\u00df ist mit einer Ausbildungsdauer von ca. 2 Jahren zu rechnen.<\/p>\n\n\n\n<div style=\"height:50px\" aria-hidden=\"true\" class=\"wp-block-spacer\"><\/div>\n\n\n\n<h2 class=\"wp-block-heading\">AUSBILDUNGSKOSTEN PPL-A<\/h2>\n\n\n\n<p class=\"has-colibri-color-6-color has-text-color\">Die folgende Modellrechnung basiert auf einer zweij\u00e4hrigen Schulungsdauer eines erwachsenen Vollmitgliedes und soll einen \u00dcberblick \u00fcber die Ausbildungskosten geben.<\/p>\n\n\n\n<figure class=\"wp-block-table is-style-stripes\" style=\"font-size:14px\"><table class=\"has-colibri-color-6-color has-colibri-color-5-background-color has-text-color has-background has-fixed-layout\"><thead><tr><th class=\"has-text-align-right\" data-align=\"right\">Position<\/th><th class=\"has-text-align-center\" data-align=\"center\">EUR<\/th><\/tr><\/thead><tbody><tr><td class=\"has-text-align-right\" data-align=\"right\">Einmalige Aufnahmegeb\u00fchr<\/td><td class=\"has-text-align-center\" data-align=\"center\">&nbsp;1.160,&#8211;<\/td><\/tr><tr><td class=\"has-text-align-right\" data-align=\"right\">Mitgliedsbeitr\u00e4ge f\u00fcr zwei Jahre<\/td><td class=\"has-text-align-center\" data-align=\"center\">&nbsp;2.320,&#8211;<\/td><\/tr><tr><td class=\"has-text-align-right\" data-align=\"right\">45 Flugstunden, z.B. 30 Stunden auf Cessna 150 und 15 Stunden auf Cessna 172<\/td><td class=\"has-text-align-center\" data-align=\"center\">&nbsp;6.450,&#8211;<\/td><\/tr><tr><td class=\"has-text-align-right\" data-align=\"right\">Schulungsmaterialien<\/td><td class=\"has-text-align-center\" data-align=\"center\">&nbsp;250,&#8211;<\/td><\/tr><tr><td class=\"has-text-align-right\" data-align=\"right\">Funksprechzeugnis<\/td><td class=\"has-text-align-center\" data-align=\"center\">&nbsp;150,&#8211;<\/td><\/tr><tr><td class=\"has-text-align-right\" data-align=\"right\">Pr\u00fcfungsgeb\u00fchren<\/td><td class=\"has-text-align-center\" data-align=\"center\">&nbsp;250,&#8211;<\/td><\/tr><tr><td class=\"has-text-align-right\" data-align=\"right\">Medizinisches Tauglichkeitszeugnis<\/td><td class=\"has-text-align-center\" data-align=\"center\">&nbsp;100,&#8211;<\/td><\/tr><tr><td class=\"has-text-align-right\" data-align=\"right\">Zuverl\u00e4ssigkeits\u00fcberpr\u00fcfung<\/td><td class=\"has-text-align-center\" data-align=\"center\">&nbsp;50,&#8211;<\/td><\/tr><tr><td class=\"has-text-align-right\" data-align=\"right\"><strong>GESASMT&nbsp;<\/strong><\/td><td class=\"has-text-align-center\" data-align=\"center\"><strong>&nbsp;10.730,&#8211;<\/strong><\/td><\/tr><\/tbody><\/table><\/figure>\n\n\n\n<div style=\"height:50px\" aria-hidden=\"true\" class=\"wp-block-spacer\"><\/div>\n\n\n\n<h2 class=\"wp-block-heading\">KLASSEN- UND ZUSATZBERECHTIGUNGEN<\/h2>\n\n\n\n<p class=\"has-colibri-color-6-color has-text-color\">Die folgenden Klassenberechtigungen und Zusatzberechtigungen k\u00f6nnen in unserer Schule erlangt werden:<\/p>\n\n\n\n<ul class=\"wp-block-list has-colibri-color-6-color has-text-color\">\n<li>Erweiterung der Rechte auf einmotorige Flugzeuge mit Kolbentriebwerk &#8211; SEP (land) FCL.135.A<\/li>\n\n\n\n<li>Klassenberechtigung f\u00fcr einmotorige Flugzeuge mit Kolbentriebwerk \u2013 SEP (land) FCL.725<\/li>\n\n\n\n<li>Auffrischungsschulung f\u00fcr einmotorige Flugzeuge mit Kolbentriebwerk \u2013 SEP (land) FCL.740 b) (1)<\/li>\n\n\n\n<li>Kunstflugberechtigung LAPL (S), SPL FLC 800<\/li>\n\n\n\n<li>Berechtigung zum Schleppen von Segelflugzeugen und Bannern FLC.805<\/li>\n\n\n\n<li>Klassenberechtigung TMG<\/li>\n<\/ul>\n\n\n\n<div style=\"height:50px\" aria-hidden=\"true\" class=\"wp-block-spacer\"><\/div>\n\n\n\n<h2 class=\"wp-block-heading\">MOTORFLUGLEHRER TEAM<\/h2>\n\n\n\n<figure class=\"wp-block-table is-style-stripes\" style=\"font-size:14px\"><table class=\"has-colibri-color-6-color has-colibri-color-5-background-color has-text-color has-background has-fixed-layout\"><tbody><tr><td class=\"has-text-align-center\" data-align=\"center\"><br><img loading=\"lazy\" decoding=\"async\" width=\"200\" height=\"251\" class=\"wp-image-3235\" style=\"width: 200px;\" src=\"https:\/\/www.flugplatz-uelzen.de\/wordpress\/wp-content\/uploads\/2026\/03\/Christian_Uter.jpg\" alt=\"\"><br>Christian Uter (Ausbildungsleiter)<br><\/td><td class=\"has-text-align-center\" data-align=\"center\"><br><img decoding=\"async\" src=\"https:\/\/www.flugplatz-uelzen.de\/wordpress\/wp-content\/uploads\/2023\/05\/flugschule-motorflug-born-web.jpg\" alt=\"\"><br>Christian Born<br><\/td><td class=\"has-text-align-center\" data-align=\"center\"><br><img loading=\"lazy\" decoding=\"async\" width=\"200\" height=\"251\" class=\"wp-image-3233\" style=\"width: 200px;\" src=\"https:\/\/www.flugplatz-uelzen.de\/wordpress\/wp-content\/uploads\/2026\/03\/Arnold_Lang.png\" alt=\"\" srcset=\"https:\/\/www.flugplatz-uelzen.de\/wordpress\/wp-content\/uploads\/2026\/03\/Arnold_Lang.png 249w, https:\/\/www.flugplatz-uelzen.de\/wordpress\/wp-content\/uploads\/2026\/03\/Arnold_Lang-239x300.png 239w\" sizes=\"auto, (max-width: 200px) 100vw, 200px\" \/><br>Arnold Lang<br><\/td><\/tr><tr><td class=\"has-text-align-center\" data-align=\"center\"><br><img decoding=\"async\" src=\"https:\/\/www.flugplatz-uelzen.de\/wordpress\/wp-content\/uploads\/2023\/05\/flugschule-motorflug-stehr-web.jpg\" alt=\"\"><br>Hartmut Stehr<br><\/td><td class=\"has-text-align-center\" data-align=\"center\"><br><img decoding=\"async\" src=\"https:\/\/www.flugplatz-uelzen.de\/wordpress\/wp-content\/uploads\/2023\/05\/flugschule-segelflug-brandt-web.jpg\" alt=\"\"><br>Carsten Brandt<\/td><td class=\"has-text-align-center\" data-align=\"center\"><br><img loading=\"lazy\" decoding=\"async\" width=\"200\" height=\"251\" class=\"wp-image-3234\" style=\"width: 200px;\" src=\"https:\/\/www.flugplatz-uelzen.de\/wordpress\/wp-content\/uploads\/2026\/03\/Tine.jpg\" alt=\"\"><br>Christine Allerding<\/td><\/tr><tr><td class=\"has-text-align-center\" data-align=\"center\"><br><img decoding=\"async\" src=\"https:\/\/www.flugplatz-uelzen.de\/wordpress\/wp-content\/uploads\/2023\/05\/flugschule-motorflug-schloen-web.jpg\" alt=\"\"><br>Thorsten Schloen<br><\/td><td class=\"has-text-align-center\" data-align=\"center\"><br><\/td><td class=\"has-text-align-center\" data-align=\"center\"><\/td><\/tr><\/tbody><\/table><\/figure>\n\n\n\n<div style=\"height:50px\" aria-hidden=\"true\" class=\"wp-block-spacer\"><\/div>\n\n\n\n<h2 class=\"wp-block-heading\">AUSBILDUNGSFLUGZEUGE<\/h2>\n\n\n\n<p class=\"has-colibri-color-6-color has-text-color\">F\u00fcr die praktische Ausbildung stehen vier Flugzeugtypen zur Verf\u00fcgung, die entsprechend des Ausbildungsstandes eingesetzt werden.<\/p>\n\n\n\n<figure class=\"wp-block-table is-style-stripes\" style=\"font-size:14px\"><table class=\"has-colibri-color-6-color has-colibri-color-5-background-color has-text-color has-background has-fixed-layout\"><tbody><tr><td class=\"has-text-align-center\" data-align=\"center\">Cessna 150<\/td><td class=\"has-text-align-center\" data-align=\"center\"><img loading=\"lazy\" decoding=\"async\" width=\"400\" height=\"266\" class=\"wp-image-608\" style=\"\" src=\"https:\/\/www.flugplatz-uelzen.de\/wordpress\/wp-content\/uploads\/2023\/05\/verein-motorflug-c150-web-1.jpg\" alt=\"\" srcset=\"https:\/\/www.flugplatz-uelzen.de\/wordpress\/wp-content\/uploads\/2023\/05\/verein-motorflug-c150-web-1.jpg 400w, https:\/\/www.flugplatz-uelzen.de\/wordpress\/wp-content\/uploads\/2023\/05\/verein-motorflug-c150-web-1-300x200.jpg 300w\" sizes=\"auto, (max-width: 400px) 100vw, 400px\" \/><\/td><td class=\"has-text-align-center\" data-align=\"center\">Anf\u00e4ngerschulung<\/td><\/tr><tr><td class=\"has-text-align-center\" data-align=\"center\">Cessna 172<\/td><td class=\"has-text-align-center\" data-align=\"center\"><img loading=\"lazy\" decoding=\"async\" width=\"400\" height=\"265\" class=\"wp-image-606\" style=\"\" src=\"https:\/\/www.flugplatz-uelzen.de\/wordpress\/wp-content\/uploads\/2023\/05\/D-EOWL_01_klein-1.jpg\" alt=\"\" srcset=\"https:\/\/www.flugplatz-uelzen.de\/wordpress\/wp-content\/uploads\/2023\/05\/D-EOWL_01_klein-1.jpg 400w, https:\/\/www.flugplatz-uelzen.de\/wordpress\/wp-content\/uploads\/2023\/05\/D-EOWL_01_klein-1-300x199.jpg 300w\" sizes=\"auto, (max-width: 400px) 100vw, 400px\" \/><\/td><td class=\"has-text-align-center\" data-align=\"center\">Fortgeschrittenenschulung, Funknavigation<\/td><\/tr><tr><td class=\"has-text-align-center\" data-align=\"center\">Aquila 210<\/td><td class=\"has-text-align-center\" data-align=\"center\"><img loading=\"lazy\" decoding=\"async\" width=\"400\" height=\"301\" class=\"wp-image-573\" style=\"\" src=\"https:\/\/www.flugplatz-uelzen.de\/wordpress\/wp-content\/uploads\/2023\/05\/verein-motorflug-aquila210-web.jpg\" alt=\"\" srcset=\"https:\/\/www.flugplatz-uelzen.de\/wordpress\/wp-content\/uploads\/2023\/05\/verein-motorflug-aquila210-web.jpg 400w, https:\/\/www.flugplatz-uelzen.de\/wordpress\/wp-content\/uploads\/2023\/05\/verein-motorflug-aquila210-web-300x226.jpg 300w\" sizes=\"auto, (max-width: 400px) 100vw, 400px\" \/><\/td><td class=\"has-text-align-center\" data-align=\"center\">Fortgeschrittenenschulung, Funknavigation<\/td><\/tr><tr><td class=\"has-text-align-center\" data-align=\"center\">DR 400<\/td><td class=\"has-text-align-center\" data-align=\"center\"><img loading=\"lazy\" decoding=\"async\" width=\"400\" height=\"300\" class=\"wp-image-607\" style=\"\" src=\"https:\/\/www.flugplatz-uelzen.de\/wordpress\/wp-content\/uploads\/2023\/05\/verein-motorflug-dr400-web-2.jpg\" alt=\"\" srcset=\"https:\/\/www.flugplatz-uelzen.de\/wordpress\/wp-content\/uploads\/2023\/05\/verein-motorflug-dr400-web-2.jpg 400w, https:\/\/www.flugplatz-uelzen.de\/wordpress\/wp-content\/uploads\/2023\/05\/verein-motorflug-dr400-web-2-300x225.jpg 300w\" sizes=\"auto, (max-width: 400px) 100vw, 400px\" \/><\/td><td class=\"has-text-align-center\" data-align=\"center\">Fortgeschrittenenschulung<\/td><\/tr><tr><td class=\"has-text-align-center\" data-align=\"center\">SF 25 C<\/td><td class=\"has-text-align-center\" data-align=\"center\"><img loading=\"lazy\" decoding=\"async\" width=\"300\" height=\"193\" class=\"wp-image-3020\" style=\"width: 300px;\" src=\"https:\/\/www.flugplatz-uelzen.de\/wordpress\/wp-content\/uploads\/2025\/11\/IMG-20251122-WA00121.jpg\" alt=\"\" srcset=\"https:\/\/www.flugplatz-uelzen.de\/wordpress\/wp-content\/uploads\/2025\/11\/IMG-20251122-WA00121.jpg 1526w, https:\/\/www.flugplatz-uelzen.de\/wordpress\/wp-content\/uploads\/2025\/11\/IMG-20251122-WA00121-300x193.jpg 300w, https:\/\/www.flugplatz-uelzen.de\/wordpress\/wp-content\/uploads\/2025\/11\/IMG-20251122-WA00121-1024x660.jpg 1024w, https:\/\/www.flugplatz-uelzen.de\/wordpress\/wp-content\/uploads\/2025\/11\/IMG-20251122-WA00121-768x495.jpg 768w\" sizes=\"auto, (max-width: 300px) 100vw, 300px\" \/><\/td><td class=\"has-text-align-center\" data-align=\"center\">Motorseglerausbildung<\/td><\/tr><\/tbody><\/table><\/figure>\n\n\n\n<p><\/p>\n","protected":false},"excerpt":{"rendered":"<p>Sie sind vom Flugsport begeistert und haben Lust auf\u00b4s Fliegen und eine Ausbildung auf hohem Niveau? Dann sind Sie bei uns genau richtig! Wir, der Flugsportverein Cumulus e.V., betreiben am [&hellip;]<\/p>\n","protected":false},"author":3,"featured_media":0,"parent":0,"menu_order":0,"comment_status":"closed","ping_status":"closed","template":"","meta":{"footnotes":""},"class_list":["post-243","page","type-page","status-publish","hentry"],"_links":{"self":[{"href":"https:\/\/www.flugplatz-uelzen.de\/wordpress\/wp-json\/wp\/v2\/pages\/243","targetHints":{"allow":["GET"]}}],"collection":[{"href":"https:\/\/www.flugplatz-uelzen.de\/wordpress\/wp-json\/wp\/v2\/pages"}],"about":[{"href":"https:\/\/www.flugplatz-uelzen.de\/wordpress\/wp-json\/wp\/v2\/types\/page"}],"author":[{"embeddable":true,"href":"https:\/\/www.flugplatz-uelzen.de\/wordpress\/wp-json\/wp\/v2\/users\/3"}],"replies":[{"embeddable":true,"href":"https:\/\/www.flugplatz-uelzen.de\/wordpress\/wp-json\/wp\/v2\/comments?post=243"}],"version-history":[{"count":0,"href":"https:\/\/www.flugplatz-uelzen.de\/wordpress\/wp-json\/wp\/v2\/pages\/243\/revisions"}],"wp:attachment":[{"href":"https:\/\/www.flugplatz-uelzen.de\/wordpress\/wp-json\/wp\/v2\/media?parent=243"}],"curies":[{"name":"wp","href":"https:\/\/api.w.org\/{rel}","templated":true}]}}