{"id":238,"date":"2023-02-11T13:48:13","date_gmt":"2023-02-11T12:48:13","guid":{"rendered":"https:\/\/www.flugplatz-uelzen.de\/wordpress\/?page_id=238"},"modified":"2026-04-24T14:16:43","modified_gmt":"2026-04-24T12:16:43","slug":"beitraege-und-gebuehren","status":"publish","type":"page","link":"https:\/\/www.flugplatz-uelzen.de\/wordpress\/beitraege-und-gebuehren\/","title":{"rendered":"Beitr\u00e4ge und Geb\u00fchren"},"content":{"rendered":"\n<p class=\"has-colibri-color-6-color has-text-color\">Fliegen im Verein ist g\u00fcnstiger als Sie denken! Unser Geb\u00fchrenmodell sieht vor, alle festen Kosten mit dem Mitglieder-Jahresbeitrag zu begleichen. Die Charterkosten f\u00fcr Motorflugzeuge beinhalten dann nur noch die Betriebskosten wie Kraftstoff, \u00d6l und Verschlei\u00dfteile. F\u00fcr Segelflugzeuge gibt es sogar eine &#8222;Flatrate&#8220;: Die Fluggeb\u00fchren sind hier bereits im Mitgliedsbeitrag enthalten. So entsteht ein relativ g\u00fcnstiger Beitrag, der das &#8222;Vielfliegen&#8220; f\u00f6rdert und damit auch f\u00fcr fliegerische Sicherheit sorgt.<\/p>\n\n\n\n<div style=\"height:30px\" aria-hidden=\"true\" class=\"wp-block-spacer\"><\/div>\n\n\n\n<h2 class=\"wp-block-heading\">MITGLIEDER-JAHRESBEITR\u00c4GE<\/h2>\n\n\n\n<figure class=\"wp-block-table is-style-stripes\" style=\"font-size:14px\"><table class=\"has-colibri-color-6-color has-colibri-color-5-background-color has-text-color has-background has-fixed-layout\"><thead><tr><th class=\"has-text-align-center\" data-align=\"center\">Beitr\u00e4ge<\/th><th class=\"has-text-align-center\" data-align=\"center\">F\u00f6rdermitglied<\/th><th class=\"has-text-align-center\" data-align=\"center\">Vollmitglied<br>(Jugendlich)<\/th><th class=\"has-text-align-center\" data-align=\"center\">Vollmitglied<br>(Erm\u00e4\u00dfigt*)<\/th><th class=\"has-text-align-center\" data-align=\"center\">Vollmitglied<br><\/th><th class=\"has-text-align-center\" data-align=\"center\">Vollmitglied<br>(Privathalter)<\/th><\/tr><\/thead><tbody><tr><td class=\"has-text-align-center\" data-align=\"center\"><br>Jahresbeitrag<br><br>Jahresbeitrag<br>(monatlich)<\/td><td class=\"has-text-align-center\" data-align=\"center\">68,73 \u20ac<br><br>&#8211;<\/td><td class=\"has-text-align-center\" data-align=\"center\">587,20 \u20ac<br><br>48,94 \u20ac<\/td><td class=\"has-text-align-center\" data-align=\"center\">782,69 \u20ac<br><br>63,82 \u20ac<\/td><td class=\"has-text-align-center\" data-align=\"center\">1.173,66 \u20ac<br><br>97,80 \u20ac<\/td><td class=\"has-text-align-center\" data-align=\"center\">602,29 \u20ac<br><br>50,19 \u20ac<\/td><\/tr><tr><td class=\"has-text-align-center\" data-align=\"center\">Einmalige Aufnahmegeb\u00fchr<\/td><td class=\"has-text-align-center\" data-align=\"center\">&#8211;<\/td><td class=\"has-text-align-center\" data-align=\"center\">587,20 \u20ac<\/td><td class=\"has-text-align-center\" data-align=\"center\">782,69 \u20ac<\/td><td class=\"has-text-align-center\" data-align=\"center\">1.173,66 \u20ac<\/td><td class=\"has-text-align-center\" data-align=\"center\">602,29 \u20ac<\/td><\/tr><tr><td class=\"has-text-align-center\" data-align=\"center\">Nicht geleistete Baustunde**<\/td><td class=\"has-text-align-center\" data-align=\"center\">&#8211;<\/td><td class=\"has-text-align-center\" data-align=\"center\">20 \u20ac<\/td><td class=\"has-text-align-center\" data-align=\"center\">20 \u20ac<\/td><td class=\"has-text-align-center\" data-align=\"center\">20 \u20ac<\/td><td class=\"has-text-align-center\" data-align=\"center\">20 \u20ac<\/td><\/tr><\/tbody><\/table><\/figure>\n\n\n\n<p class=\"has-colibri-color-6-color has-text-color has-small-font-size\">* Erm\u00e4\u00dfigte Jahresbeitr\u00e4ge gelten f\u00fcr jugendliche Sch\u00fcler und Studenten, H\u00f6chstalter 27 Jahre<br>**Baustunden SOLL: Vereinsmitglied = 55 Std.\/Jahr; Privathalter = 30 Std.\/Jahr<\/p>\n\n\n\n<div style=\"height:50px\" aria-hidden=\"true\" class=\"wp-block-spacer\"><\/div>\n\n\n\n<h2 class=\"wp-block-heading\">CHARTERGEB\u00dcHREN MOTORFLUGZEUGE<\/h2>\n\n\n\n<figure class=\"wp-block-table is-style-stripes\" style=\"font-size:14px\"><table class=\"has-colibri-color-6-color has-colibri-color-5-background-color has-text-color has-background has-fixed-layout\"><thead><tr><th class=\"has-text-align-center\" data-align=\"center\">Flugzeug<\/th><th class=\"has-text-align-center\" data-align=\"center\">Schulungsflug \/ je Stunde<\/th><th class=\"has-text-align-center\" data-align=\"center\">Mitgliedsflug \/ je Stunde<\/th><\/tr><\/thead><tbody><tr><td class=\"has-text-align-center\" data-align=\"center\">Cessna 150 &#8211; D-EBTY<\/td><td class=\"has-text-align-center\" data-align=\"center\">128,10 \u20ac<\/td><td class=\"has-text-align-center\" data-align=\"center\">91,63 \u20ac<\/td><\/tr><tr><td class=\"has-text-align-center\" data-align=\"center\">Aquila 210 &#8211; D-EBOT<\/td><td class=\"has-text-align-center\" data-align=\"center\">155,10 \u20ac<\/td><td class=\"has-text-align-center\" data-align=\"center\">114,39 \u20ac<\/td><\/tr><tr><td class=\"has-text-align-center\" data-align=\"center\">Cessna 172R &#8211; D-EOWL<\/td><td class=\"has-text-align-center\" data-align=\"center\">173,69 \u20ac<\/td><td class=\"has-text-align-center\" data-align=\"center\">130,39 \u20ac<\/td><\/tr><tr><td class=\"has-text-align-center\" data-align=\"center\">DR400 &#8211; D-EBSZ<\/td><td class=\"has-text-align-center\" data-align=\"center\">182,69 \u20ac<\/td><td class=\"has-text-align-center\" data-align=\"center\">138,38 \u20ac<\/td><\/tr><tr><td class=\"has-text-align-center\" data-align=\"center\">SF 25 C &#8211; D-KYBL<\/td><td class=\"has-text-align-center\" data-align=\"center\">90 \u20ac<\/td><td class=\"has-text-align-center\" data-align=\"center\">70 \u20ac<\/td><\/tr><\/tbody><\/table><\/figure>\n\n\n\n<p class=\"has-colibri-color-6-color has-text-color has-small-font-size\">Die Abrechnung der Flugzeit erfolgt minutengenau.<\/p>\n\n\n\n<div style=\"height:50px\" aria-hidden=\"true\" class=\"wp-block-spacer\"><\/div>\n\n\n\n<h2 class=\"wp-block-heading\">CHARTERGEB\u00dcHREN SEGELFLUGZEUGE<\/h2>\n\n\n\n<figure class=\"wp-block-table is-style-stripes\" style=\"font-size:14px\"><table class=\"has-colibri-color-6-color has-colibri-color-5-background-color has-text-color has-background has-fixed-layout\"><thead><tr><th class=\"has-text-align-right\" data-align=\"right\">Art<\/th><th class=\"has-text-align-left\" data-align=\"left\">Geb\u00fchr<\/th><\/tr><\/thead><tbody><tr><td class=\"has-text-align-right\" data-align=\"right\">Segelflugzeug, Schulung \/ je Stunde<\/td><td class=\"has-text-align-left\" data-align=\"left\">Flatrate<\/td><\/tr><tr><td class=\"has-text-align-right\" data-align=\"right\">Segelflugzeug, Mitgliedsflug \/ je Stunde<\/td><td class=\"has-text-align-left\" data-align=\"left\">Flatrate<\/td><\/tr><tr><td class=\"has-text-align-right\" data-align=\"right\">Windenstart<\/td><td class=\"has-text-align-left\" data-align=\"left\">Flatrate<\/td><\/tr><tr><td class=\"has-text-align-right\" data-align=\"right\">F-Schlepp \/ Minute<\/td><td class=\"has-text-align-left\" data-align=\"left\">3,00 \u20ac<\/td><\/tr><\/tbody><\/table><\/figure>\n\n\n\n<p class=\"has-colibri-color-6-color has-text-color has-small-font-size\">Flatrate = Im Mitglieder-Jahresbeitrag enthalten<\/p>\n\n\n\n<p><\/p>\n","protected":false},"excerpt":{"rendered":"<p>Fliegen im Verein ist g\u00fcnstiger als Sie denken! Unser Geb\u00fchrenmodell sieht vor, alle festen Kosten mit dem Mitglieder-Jahresbeitrag zu begleichen. Die Charterkosten f\u00fcr Motorflugzeuge beinhalten dann nur noch die Betriebskosten [&hellip;]<\/p>\n","protected":false},"author":3,"featured_media":0,"parent":0,"menu_order":0,"comment_status":"closed","ping_status":"closed","template":"","meta":{"footnotes":""},"class_list":["post-238","page","type-page","status-publish","hentry"],"_links":{"self":[{"href":"https:\/\/www.flugplatz-uelzen.de\/wordpress\/wp-json\/wp\/v2\/pages\/238","targetHints":{"allow":["GET"]}}],"collection":[{"href":"https:\/\/www.flugplatz-uelzen.de\/wordpress\/wp-json\/wp\/v2\/pages"}],"about":[{"href":"https:\/\/www.flugplatz-uelzen.de\/wordpress\/wp-json\/wp\/v2\/types\/page"}],"author":[{"embeddable":true,"href":"https:\/\/www.flugplatz-uelzen.de\/wordpress\/wp-json\/wp\/v2\/users\/3"}],"replies":[{"embeddable":true,"href":"https:\/\/www.flugplatz-uelzen.de\/wordpress\/wp-json\/wp\/v2\/comments?post=238"}],"version-history":[{"count":0,"href":"https:\/\/www.flugplatz-uelzen.de\/wordpress\/wp-json\/wp\/v2\/pages\/238\/revisions"}],"wp:attachment":[{"href":"https:\/\/www.flugplatz-uelzen.de\/wordpress\/wp-json\/wp\/v2\/media?parent=238"}],"curies":[{"name":"wp","href":"https:\/\/api.w.org\/{rel}","templated":true}]}}