{"id":236,"date":"2023-02-11T13:46:31","date_gmt":"2023-02-11T12:46:31","guid":{"rendered":"https:\/\/www.flugplatz-uelzen.de\/wordpress\/?page_id=236"},"modified":"2023-11-12T19:24:05","modified_gmt":"2023-11-12T18:24:05","slug":"mitglied-werden","status":"publish","type":"page","link":"https:\/\/www.flugplatz-uelzen.de\/wordpress\/mitglied-werden\/","title":{"rendered":"Mitglied werden"},"content":{"rendered":"\n<p class=\"has-colibri-color-6-color has-text-color\">Wir freuen uns, dass Sie sich \u00fcber die Mitgliedschaft in unserem Verein informieren m\u00f6chten. Der Flugsportverein Cumulus Uelzen e.V. bietet seinen Mitgliedern einen gepflegten Flugzeugpark mit niedrigen Fluggeb\u00fchren, eine qualifizierte Ausbildung, viel Spa\u00df am Fliegen und ein lebendiges Vereinsleben!<\/p>\n\n\n\n<p class=\"has-colibri-color-6-color has-text-color\">Grunds\u00e4tzlich kann jede und jeder bei uns Mitglied werden. Ob Sie sich entscheiden, eine Flugausbildung zu absolvieren, bereits einen Flugschein besitzen oder den Verein als f\u00f6rderndes Mitglied unterst\u00fctzen m\u00f6chten \u2013 Sie sind herzlich willkommen!<\/p>\n\n\n\n<p class=\"has-colibri-color-6-color has-text-color\">Machen Sie sich ein Bild von unserem Verein und informieren Sie sich auf dieser Webseite in den Rubriken \u201eVerein\u201c und \u201eFlugschule\u201c. Dort wird der Flugsportverein Cumulus Uelzen e.V. vorgestellt und auch die Ausbildung zum Segelflug- und Motorflug Piloten beschrieben.<\/p>\n\n\n\n<div style=\"height:50px\" aria-hidden=\"true\" class=\"wp-block-spacer\"><\/div>\n\n\n\n<h2 class=\"wp-block-heading\">FLIEGEN IM VEREIN<\/h2>\n\n\n\n<p class=\"has-colibri-color-6-color has-text-color\">Wenn Sie sich daf\u00fcr entscheiden, aktiv mit dem Flugsport anzufangen, m\u00fcssen Sie sich dar\u00fcber im Klaren sein, dass der Flugsport im Verein ein zeitaufw\u00e4ndiges Hobby ist. So mal eben nebenbei einen Flugschein machen und dann ab und zu kurz zum Flugplatz fahren, um ein Flugzeug zu chartern, das kann nicht funktionieren.<\/p>\n\n\n\n<p class=\"has-colibri-color-6-color has-text-color\">Denn: Der Verein betreibt mit hohem Aufwand den Flugplatz und unterh\u00e4lt eine kleine Flotte von Flugzeugen. Das ist nur durch das Engagement aller Mitglieder m\u00f6glich. Von seinen Mitgliedern erwartet der Flugsportverein Cumulus daher nicht nur eine regelm\u00e4\u00dfige Beitragszahlung, sondern auch die aktive Beteiligung an den anstehenden Aufgaben und Arbeiten.<\/p>\n\n\n\n<p class=\"has-colibri-color-6-color has-text-color\">Alle anfallenden T\u00e4tigkeiten werden von den Mitgliedern ehrenamtlich und in Eigeninitiative durchgef\u00fchrt. Damit die anfallenden T\u00e4tigkeiten gerecht auf alle Mitglieder verteilt werden, ist jedes aktive Mitglied&nbsp; angehalten eine gewisse Anzahl von Baustunden abzuleisten. Aktive Vereinsmitglieder haben 55 Baustunden im Jahr zu leisten, bei Privathaltern ohne Nutzung von Vereinsflugzeugen sind es 30 Baustunden. Nicht geleistete Baustunden sind zu bezahlen.<\/p>\n\n\n\n<div style=\"height:50px\" aria-hidden=\"true\" class=\"wp-block-spacer\"><\/div>\n\n\n\n<h2 class=\"wp-block-heading\">ARTEN DER MITGLIEDSCHAFT<\/h2>\n\n\n\n<figure class=\"wp-block-table is-style-stripes\" style=\"font-size:14px\"><table class=\"has-colibri-color-6-color has-colibri-color-5-background-color has-text-color has-background has-fixed-layout\"><thead><tr><th class=\"has-text-align-right\" data-align=\"right\">Umfang<\/th><th class=\"has-text-align-center\" data-align=\"center\">Vollmitglied<\/th><th class=\"has-text-align-center\" data-align=\"center\">Vollmitglied<br>(Privathalter)<\/th><th class=\"has-text-align-center\" data-align=\"center\">F\u00f6rdermitglied<\/th><\/tr><\/thead><tbody><tr><td class=\"has-text-align-right\" data-align=\"right\">&nbsp;Nutzung der vereinseigenen Motor- und Segelflugzeuge<\/td><td class=\"has-text-align-center\" data-align=\"center\">&nbsp;x<\/td><td class=\"has-text-align-center\" data-align=\"center\">&nbsp;<\/td><td class=\"has-text-align-center\" data-align=\"center\">&nbsp;<\/td><\/tr><tr><td class=\"has-text-align-right\" data-align=\"right\">&nbsp;Flugausbildung zum Motor- und Segelflugzeugf\u00fchrer<\/td><td class=\"has-text-align-center\" data-align=\"center\">x<\/td><td class=\"has-text-align-center\" data-align=\"center\">x<\/td><td class=\"has-text-align-center\" data-align=\"center\">&nbsp;<\/td><\/tr><tr><td class=\"has-text-align-right\" data-align=\"right\"><strong>&nbsp;<\/strong>Nutzung der Flugplatzinfrastruktur<\/td><td class=\"has-text-align-center\" data-align=\"center\">x<\/td><td class=\"has-text-align-center\" data-align=\"center\">x<\/td><td class=\"has-text-align-center\" data-align=\"center\">&nbsp;<\/td><\/tr><tr><td class=\"has-text-align-right\" data-align=\"right\">&nbsp;Nutzung der Vereinsr\u00e4umlichkeiten<\/td><td class=\"has-text-align-center\" data-align=\"center\">&nbsp;x<\/td><td class=\"has-text-align-center\" data-align=\"center\">&nbsp;x<\/td><td class=\"has-text-align-center\" data-align=\"center\">x<\/td><\/tr><tr><td class=\"has-text-align-right\" data-align=\"right\">&nbsp;Teilnahme am Vereinsleben und Veranstaltungen<\/td><td class=\"has-text-align-center\" data-align=\"center\">&nbsp;x<\/td><td class=\"has-text-align-center\" data-align=\"center\">x<\/td><td class=\"has-text-align-center\" data-align=\"center\">&nbsp;x<\/td><\/tr><tr><td class=\"has-text-align-right\" data-align=\"right\"><strong>&nbsp;<\/strong>Empfang von Vereinsnachrichten und Rundschreiben<\/td><td class=\"has-text-align-center\" data-align=\"center\">x<\/td><td class=\"has-text-align-center\" data-align=\"center\">x<\/td><td class=\"has-text-align-center\" data-align=\"center\">x<\/td><\/tr><tr><td class=\"has-text-align-right\" data-align=\"right\">&nbsp;Teilnahme an Weiterbildungen<\/td><td class=\"has-text-align-center\" data-align=\"center\">x<\/td><td class=\"has-text-align-center\" data-align=\"center\">x<\/td><td class=\"has-text-align-center\" data-align=\"center\">&nbsp;<\/td><\/tr><tr><td class=\"has-text-align-right\" data-align=\"right\">&nbsp;Stimmrecht bei der Mitgliederversammlung<\/td><td class=\"has-text-align-center\" data-align=\"center\">x<\/td><td class=\"has-text-align-center\" data-align=\"center\">x<\/td><td class=\"has-text-align-center\" data-align=\"center\">&nbsp;<\/td><\/tr><tr><td class=\"has-text-align-right\" data-align=\"right\">&nbsp;Pflicht zur Leistung von Baustunden<\/td><td class=\"has-text-align-center\" data-align=\"center\">x<\/td><td class=\"has-text-align-center\" data-align=\"center\">x<\/td><td class=\"has-text-align-center\" data-align=\"center\">&nbsp;<\/td><\/tr><tr><td class=\"has-text-align-right\" data-align=\"right\">&nbsp;Wegfall von Landegeb\u00fchren<\/td><td class=\"has-text-align-center\" data-align=\"center\">x<\/td><td class=\"has-text-align-center\" data-align=\"center\">x<\/td><td class=\"has-text-align-center\" data-align=\"center\">&nbsp;<\/td><\/tr><tr><td class=\"has-text-align-right\" data-align=\"right\"><strong>&nbsp;<\/strong>Sonderpreise MOGAS und AVGAS<\/td><td class=\"has-text-align-center\" data-align=\"center\">x<\/td><td class=\"has-text-align-center\" data-align=\"center\">x<\/td><td class=\"has-text-align-center\" data-align=\"center\">&nbsp;<\/td><\/tr><\/tbody><\/table><\/figure>\n\n\n\n<div style=\"height:50px\" aria-hidden=\"true\" class=\"wp-block-spacer\"><\/div>\n\n\n\n<h2 class=\"wp-block-heading\">SCHRITTE ZUR MITGLIEDSCHAFT<\/h2>\n\n\n\n<h3 class=\"wp-block-heading\">Vollmitglied<\/h3>\n\n\n\n<p class=\"has-colibri-color-6-color has-text-color\"><strong>Umfassend informieren<br><\/strong>Informieren Sie sich auf dieser Webseite \u00fcber den Flugplatz, den Verein und die Ausbildungsm\u00f6glichkeiten zum Privatpiloten. Bitte beachten Sie auch unsere Mitgliedsbeitr\u00e4ge und Geb\u00fchren.<\/p>\n\n\n\n<p class=\"has-colibri-color-6-color has-text-color\"><strong>Kontakt aufnehmen<br><\/strong>Kommen Sie w\u00e4hrend der Flugbetriebszeiten bei uns vorbei und sprechen Sie uns an. Ein Vorstandsmitglied oder Fluglehrer wird Ihnen alles Weitere \u00fcber den Verein und das Thema Ausbildung erkl\u00e4ren. Gerne vereinbaren wir auch einen Termin mit Ihnen, bitte kontaktieren Sie uns \u00fcber unser Kontaktformular.<\/p>\n\n\n\n<p class=\"has-colibri-color-6-color has-text-color\"><strong>Mitfliegen!<\/strong><br>Sie sind noch nie in einem Sportflugzeug mitgeflogen? Dann pr\u00fcfen Sie bei einem Mitflug, ob die Sportfliegerei wirklich das Richtige f\u00fcr Sie ist! W\u00fcrden Sie sich zutrauen, so ein Flugzeug selbst zu steuern? &nbsp;<\/p>\n\n\n\n<p class=\"has-colibri-color-6-color has-text-color\"><strong>Aufnahmegespr\u00e4ch f\u00fchren<br><\/strong>Mit einem Mitglied des Vorstandes wird ein Aufnahmegespr\u00e4ch gef\u00fchrt, in dem sich das angehende Mitglied und der Verein kennenlernen k\u00f6nnen.<\/p>\n\n\n\n<p class=\"has-colibri-color-6-color has-text-color\"><strong>Flieger\u00e4rztliche Untersuchung durchf\u00fchren lassen<br><\/strong>Bei einer flieger\u00e4rztlichen Untersuchungsstelle m\u00fcssen sie feststellen lassen, ob sie &#8222;fit&#8220; f\u00fcr das F\u00fchren eines Luftfahrzeuges sind. Wenn der Arzt mit Ihrem Gesundheitszustand zufrieden ist, erhalten Sie ein zeitlich begrenztes Medical, das Sie zusammen mit den Antragsformularen beim Verein einreichen m\u00fcssen.<\/p>\n\n\n\n<p class=\"has-colibri-color-6-color has-text-color\"><strong>Antragsformulare ausf\u00fcllen<br><\/strong>Sie erhalten von einem Vorstandsmitglied die Anmeldeformulare und m\u00fcssen diese sorgf\u00e4ltig ausf\u00fcllen. Die vorl\u00e4ufige Aufnahme wird dann durch den Vorstand best\u00e4tigt.<\/p>\n\n\n\n<p class=\"has-colibri-color-6-color has-text-color\"><strong>Mitgliedsbeitrag bezahlen<\/strong><br>Bei Eintritt in unseren Verein ist eine Anzahlung von EUR 500,&#8211; auf den j\u00e4hrlichen Mitgliedsbeitrag f\u00e4llig.<\/p>\n\n\n\n<p class=\"has-colibri-color-6-color has-text-color\"><strong>Los gehts!<\/strong><br>Kurz nach Eintritt in den Verein werden Sie von unseren Neumitglieder-Beauftragten auf dem Flugplatz herumgef\u00fchrt und mit allen wichtigen Abl\u00e4ufen vertraut gemacht. Der Ausbildungsleiter bespricht mit Ihnen das Prozedere, und dann geht es los &#8211; in die Luft!<\/p>\n\n\n\n<div style=\"height:50px\" aria-hidden=\"true\" class=\"wp-block-spacer\"><\/div>\n\n\n\n<h3 class=\"wp-block-heading\">F\u00f6rdermitglied<\/h3>\n\n\n\n<p class=\"has-colibri-color-6-color has-text-color\"><strong>Kontakt aufnehmen<br><\/strong>Kommen Sie w\u00e4hrend der Flugbetriebszeiten bei uns vorbei und sprechen Sie uns an. Ein Vorstandsmitglied kann Ihnen dann alle Informationen zur F\u00f6rdermitgliedschaft vermitteln. Gerne vereinbaren wir auch einen Termin mit Ihnen, bitte kontaktieren Sie uns \u00fcber unser Kontaktformular.<\/p>\n","protected":false},"excerpt":{"rendered":"<p>Wir freuen uns, dass Sie sich \u00fcber die Mitgliedschaft in unserem Verein informieren m\u00f6chten. Der Flugsportverein Cumulus Uelzen e.V. bietet seinen Mitgliedern einen gepflegten Flugzeugpark mit niedrigen Fluggeb\u00fchren, eine qualifizierte [&hellip;]<\/p>\n","protected":false},"author":3,"featured_media":0,"parent":0,"menu_order":0,"comment_status":"closed","ping_status":"closed","template":"","meta":{"footnotes":""},"class_list":["post-236","page","type-page","status-publish","hentry"],"_links":{"self":[{"href":"https:\/\/www.flugplatz-uelzen.de\/wordpress\/wp-json\/wp\/v2\/pages\/236","targetHints":{"allow":["GET"]}}],"collection":[{"href":"https:\/\/www.flugplatz-uelzen.de\/wordpress\/wp-json\/wp\/v2\/pages"}],"about":[{"href":"https:\/\/www.flugplatz-uelzen.de\/wordpress\/wp-json\/wp\/v2\/types\/page"}],"author":[{"embeddable":true,"href":"https:\/\/www.flugplatz-uelzen.de\/wordpress\/wp-json\/wp\/v2\/users\/3"}],"replies":[{"embeddable":true,"href":"https:\/\/www.flugplatz-uelzen.de\/wordpress\/wp-json\/wp\/v2\/comments?post=236"}],"version-history":[{"count":0,"href":"https:\/\/www.flugplatz-uelzen.de\/wordpress\/wp-json\/wp\/v2\/pages\/236\/revisions"}],"wp:attachment":[{"href":"https:\/\/www.flugplatz-uelzen.de\/wordpress\/wp-json\/wp\/v2\/media?parent=236"}],"curies":[{"name":"wp","href":"https:\/\/api.w.org\/{rel}","templated":true}]}}