{"id":231,"date":"2023-02-11T13:44:58","date_gmt":"2023-02-11T12:44:58","guid":{"rendered":"https:\/\/www.flugplatz-uelzen.de\/wordpress\/?page_id=231"},"modified":"2025-12-01T19:09:17","modified_gmt":"2025-12-01T18:09:17","slug":"segelflug","status":"publish","type":"page","link":"https:\/\/www.flugplatz-uelzen.de\/wordpress\/segelflug\/","title":{"rendered":"Segelflug"},"content":{"rendered":"\n<p class=\"has-colibri-color-6-color has-text-color\">Der Flugsportverein Cumulus e.V. betreibt eine Flotte von vier Segelflugzeugen. Dazu z\u00e4hlt die robuste, f\u00fcr die Schulung hervorragend geeignete ASK 21. Der Discus B, die ASW 24 und die DG 505 werden haupts\u00e4chlich f\u00fcr \u00dcberlandfl\u00fcge eingesetzt, k\u00f6nnen aber auch in der Fortgeschrittenenschulung genutzt werden.<\/p>\n\n\n\n<p><a href=\"https:\/\/youtube.com\/watch?v=ZRhyLgOOI1E%3Frel%3D0%26showinfo%3D0\" target=\"_blank\" rel=\"noreferrer noopener\">https:\/\/youtube.com\/watch?v=ZRhyLgOOI1E%3Frel%3D0%26showinfo%3D0<\/a><\/p>\n\n\n\n<p class=\"has-colibri-color-6-color has-text-color\">Etwas anders als beim Motorflug ist der Segelflug ein Gemeinschaftssport: Allein kommt man mit einem Segelflugzeug eben nicht in die Luft! Deswegen ist es f\u00fcr den Segelflug typisch, dass Segelflieger von morgens bis abends am Platz mit dabei sind, um mitzuhelfen und sich abzuwechseln. Je mehr Mitglieder mit dabei sind, desto mehr kann geflogen werden. Zus\u00e4tzlich ist der Segelflug vergleichsweise zeitintensiv oder positiv ausgedr\u00fcckt: Man kann den ganzen Tag am Flugplatz sein, ohne sich zu langweilen, und ab und zu kommt man sogar in die Luft! Ein nicht unwesentlicher Teil ist das Zusammensein mit gleichgesinnten und hilfsbereiten Menschen, was einen Verein wie unseren so wertvoll macht. <\/p>\n\n\n\n<p class=\"has-colibri-color-6-color has-text-color\">Sollte es wetterbedingt mal nicht zu Streckenfl\u00fcgen reichen, steht allen Vereinspiloten ein SF 25 C Motorsegler zur Verf\u00fcgung, mit dem auch Segelflugzeuge geschleppt werden k\u00f6nnen.<\/p>\n\n\n\n<p class=\"has-colibri-color-6-color has-text-color\">Fl\u00fcge von Vereinsmitgliedern sind auch auf der Webseite&nbsp;<a href=\"https:\/\/www.weglide.org\/club\/382\" data-type=\"link\" data-id=\"https:\/\/www.weglide.org\/club\/382\">www.weglide.org<\/a>&nbsp;zu finden.<\/p>\n\n\n\n<div style=\"height:50px\" aria-hidden=\"true\" class=\"wp-block-spacer\"><\/div>\n\n\n\n<h2 class=\"wp-block-heading\">VEREINS-SEGELFLUGZEUGE<\/h2>\n\n\n\n<div style=\"height:10px\" aria-hidden=\"true\" class=\"wp-block-spacer\"><\/div>\n\n\n\n<div class=\"wp-block-media-text alignwide is-stacked-on-mobile is-vertically-aligned-top has-colibri-color-6-color has-colibri-color-5-background-color has-text-color has-background\" style=\"font-size:14px;grid-template-columns:40% auto\"><figure class=\"wp-block-media-text__media\"><img loading=\"lazy\" decoding=\"async\" width=\"400\" height=\"300\" src=\"https:\/\/www.flugplatz-uelzen.de\/wordpress\/wp-content\/uploads\/2023\/05\/D-6854_01_klein.jpg\" alt=\"\" class=\"wp-image-593 size-full\" srcset=\"https:\/\/www.flugplatz-uelzen.de\/wordpress\/wp-content\/uploads\/2023\/05\/D-6854_01_klein.jpg 400w, https:\/\/www.flugplatz-uelzen.de\/wordpress\/wp-content\/uploads\/2023\/05\/D-6854_01_klein-300x225.jpg 300w\" sizes=\"auto, (max-width: 400px) 100vw, 400px\" \/><\/figure><div class=\"wp-block-media-text__content\">\n<h3 class=\"wp-block-heading\">ASK 21<\/h3>\n\n\n\n<p class=\"has-colibri-color-6-color has-text-color\">Die ASK 21 der Firma Alexander Schleicher Flugzeugbau gilt als das Schulungsflugzeug schlechthin. Gutm\u00fctige Flugeigenschaften, ausreichend Platz im Cockpit und angenehmes Handling machen dieses Muster aus. Bei uns findet die Ausbildung bis zu den ersten Alleinfl\u00fcgen auf diesem Muster statt. Aber auch f\u00fcr die Kunstflugausbildung ist die ASK 21 bestens geeignet und wird entsprechend genutzt.<\/p>\n<\/div><\/div>\n\n\n\n<div style=\"height:50px\" aria-hidden=\"true\" class=\"wp-block-spacer\"><\/div>\n\n\n\n<div class=\"wp-block-media-text alignwide is-stacked-on-mobile is-vertically-aligned-top has-colibri-color-6-color has-colibri-color-5-background-color has-text-color has-background\" style=\"font-size:14px;grid-template-columns:40% auto\"><figure class=\"wp-block-media-text__media\"><img loading=\"lazy\" decoding=\"async\" width=\"400\" height=\"300\" src=\"https:\/\/www.flugplatz-uelzen.de\/wordpress\/wp-content\/uploads\/2023\/05\/verein-segelflug-dg505elan-web.jpg\" alt=\"\" class=\"wp-image-588 size-full\" srcset=\"https:\/\/www.flugplatz-uelzen.de\/wordpress\/wp-content\/uploads\/2023\/05\/verein-segelflug-dg505elan-web.jpg 400w, https:\/\/www.flugplatz-uelzen.de\/wordpress\/wp-content\/uploads\/2023\/05\/verein-segelflug-dg505elan-web-300x225.jpg 300w\" sizes=\"auto, (max-width: 400px) 100vw, 400px\" \/><\/figure><div class=\"wp-block-media-text__content\">\n<h3 class=\"wp-block-heading\">DG 505<\/h3>\n\n\n\n<p class=\"has-colibri-color-6-color has-text-color\">Bei der DG 505 handelt es sich um ein doppelsitziges Segelflugzeug der Firma DG Flugzeugbau GmbH. Die DG 505 ist ein Mitteldecker-Segelflugzeug aus glasfaserverst\u00e4rktem Kunststoff (kurz GFK). Sie hat eine Spannweite von 18m, welche mit zus\u00e4tzlichen Winglets auf 20m erweitert werden kann.&nbsp; Hierdurch erreicht die DG 505 eine hervorragende Gleitleistung und bietet sich daher besonders f\u00fcr l\u00e4ngere Streckenfl\u00fcge an. Zus\u00e4tzlich setzen wir dieses Segelflugzeug im Kunstflug, sowie f\u00fcr Mitfl\u00fcge ein. &nbsp;<\/p>\n<\/div><\/div>\n\n\n\n<div style=\"height:50px\" aria-hidden=\"true\" class=\"wp-block-spacer\"><\/div>\n\n\n\n<div class=\"wp-block-media-text alignwide is-stacked-on-mobile is-vertically-aligned-top has-colibri-color-6-color has-colibri-color-5-background-color has-text-color has-background\" style=\"font-size:14px;grid-template-columns:40% auto\"><figure class=\"wp-block-media-text__media\"><img loading=\"lazy\" decoding=\"async\" width=\"400\" height=\"283\" src=\"https:\/\/www.flugplatz-uelzen.de\/wordpress\/wp-content\/uploads\/2023\/05\/D-8060_01_klein-e1764612549378.jpg\" alt=\"\" class=\"wp-image-594 size-full\" srcset=\"https:\/\/www.flugplatz-uelzen.de\/wordpress\/wp-content\/uploads\/2023\/05\/D-8060_01_klein-e1764612549378.jpg 400w, https:\/\/www.flugplatz-uelzen.de\/wordpress\/wp-content\/uploads\/2023\/05\/D-8060_01_klein-e1764612549378-300x212.jpg 300w\" sizes=\"auto, (max-width: 400px) 100vw, 400px\" \/><\/figure><div class=\"wp-block-media-text__content\">\n<h3 class=\"wp-block-heading\">Discus B<\/h3>\n\n\n\n<p class=\"has-colibri-color-6-color has-text-color\">Der Discus B ist ein einsitziges Kunststoffsegelflugzeug von Schempp-Hirth mit 15 m Spannweite. Er vereint gute Flugleistungen mit gutm\u00fctigen Flugeigenschaften und wird deshalb sowohl im Streckenflug als auch in der Fortgeschrittenenschulung eingesetzt. Der Discus ist der erste Einsitzer, der nach der Doppelsitzerschulung mit der ASK 21 geflogen wird.<\/p>\n<\/div><\/div>\n\n\n\n<div style=\"height:50px\" aria-hidden=\"true\" class=\"wp-block-spacer\"><\/div>\n\n\n\n<div class=\"wp-block-media-text alignwide is-stacked-on-mobile is-vertically-aligned-top has-colibri-color-6-color has-colibri-color-5-background-color has-text-color has-background\" style=\"font-size:14px;grid-template-columns:40% auto\"><figure class=\"wp-block-media-text__media\"><a href=\"https:\/\/www.flugplatz-uelzen.de\/wordpress\/wp-content\/uploads\/2025\/04\/verein-segelflug-ASW24WL-web-e1764612409945.jpg\"><img loading=\"lazy\" decoding=\"async\" width=\"1024\" height=\"706\" src=\"https:\/\/www.flugplatz-uelzen.de\/wordpress\/wp-content\/uploads\/2025\/04\/verein-segelflug-ASW24WL-web-e1764612409945-1024x706.jpg\" alt=\"\" class=\"wp-image-2458 size-full\" srcset=\"https:\/\/www.flugplatz-uelzen.de\/wordpress\/wp-content\/uploads\/2025\/04\/verein-segelflug-ASW24WL-web-e1764612409945-1024x706.jpg 1024w, https:\/\/www.flugplatz-uelzen.de\/wordpress\/wp-content\/uploads\/2025\/04\/verein-segelflug-ASW24WL-web-e1764612409945-300x207.jpg 300w, https:\/\/www.flugplatz-uelzen.de\/wordpress\/wp-content\/uploads\/2025\/04\/verein-segelflug-ASW24WL-web-e1764612409945-768x529.jpg 768w, https:\/\/www.flugplatz-uelzen.de\/wordpress\/wp-content\/uploads\/2025\/04\/verein-segelflug-ASW24WL-web-e1764612409945.jpg 1512w\" sizes=\"auto, (max-width: 1024px) 100vw, 1024px\" \/><\/a><\/figure><div class=\"wp-block-media-text__content\">\n<h3 class=\"wp-block-heading\">ASW 24 WL<\/h3>\n\n\n\n<p class=\"has-colibri-color-6-color has-text-color\">Die ASW 24 WL ist ein einsitziges Kunststoffsegelflugzeug des Herstellers Alexander Schleicher. Es hat eine Spannweite von 15m und wird aufgrund seiner Leistungsf\u00e4higkeit f\u00fcr den Streckenflug genutzt. Dank der ergonomischen Sitzposition und den harmlosen Flugeigenschaften wird das Flugzeug bei uns zudem in der Ausbildung eingesetzt.<\/p>\n<\/div><\/div>\n\n\n\n<div style=\"height:50px\" aria-hidden=\"true\" class=\"wp-block-spacer\"><\/div>\n\n\n\n<div class=\"wp-block-media-text alignwide is-stacked-on-mobile is-vertically-aligned-top has-colibri-color-6-color has-colibri-color-5-background-color has-text-color has-background\" style=\"font-size:14px;grid-template-columns:40% auto\"><figure class=\"wp-block-media-text__media\"><a href=\"https:\/\/www.flugplatz-uelzen.de\/wordpress\/wp-content\/uploads\/2025\/11\/IMG-20251122-WA00121.jpg\"><img loading=\"lazy\" decoding=\"async\" width=\"1024\" height=\"660\" src=\"https:\/\/www.flugplatz-uelzen.de\/wordpress\/wp-content\/uploads\/2025\/11\/IMG-20251122-WA00121-1024x660.jpg\" alt=\"\" class=\"wp-image-3020 size-full\" srcset=\"https:\/\/www.flugplatz-uelzen.de\/wordpress\/wp-content\/uploads\/2025\/11\/IMG-20251122-WA00121-1024x660.jpg 1024w, https:\/\/www.flugplatz-uelzen.de\/wordpress\/wp-content\/uploads\/2025\/11\/IMG-20251122-WA00121-300x193.jpg 300w, https:\/\/www.flugplatz-uelzen.de\/wordpress\/wp-content\/uploads\/2025\/11\/IMG-20251122-WA00121-768x495.jpg 768w, https:\/\/www.flugplatz-uelzen.de\/wordpress\/wp-content\/uploads\/2025\/11\/IMG-20251122-WA00121.jpg 1526w\" sizes=\"auto, (max-width: 1024px) 100vw, 1024px\" \/><\/a><\/figure><div class=\"wp-block-media-text__content\">\n<h3 class=\"wp-block-heading\">SF 25 C<\/h3>\n\n\n\n<p class=\"has-colibri-color-6-color has-text-color\">Der SF 25 C ist ein robuster Motorsegler, der mit einem 80 PS Rotax Motor auch einsitzige Segelflugzeuge schleppen kann. Mit einer \u00f6konomischen Reisegeschwindigkeit von ca. 150km\/h und einem Verbrauch von 11 Litern Super pro Stunde ist es die g\u00fcnstigste M\u00f6glichkeit von A nach B zu fliegen.<\/p>\n<\/div><\/div>\n\n\n\n<div style=\"height:100px\" aria-hidden=\"true\" class=\"wp-block-spacer\"><\/div>\n\n\n\n<h2 class=\"wp-block-heading\">PRIVAT-SEGELFLUGZEUGE<\/h2>\n\n\n\n<div style=\"height:10px\" aria-hidden=\"true\" class=\"wp-block-spacer\"><\/div>\n\n\n\n<div class=\"wp-block-media-text alignwide is-stacked-on-mobile is-vertically-aligned-top has-colibri-color-6-color has-colibri-color-5-background-color has-text-color has-background\" style=\"font-size:14px;grid-template-columns:40% auto\"><figure class=\"wp-block-media-text__media\"><img loading=\"lazy\" decoding=\"async\" width=\"400\" height=\"300\" src=\"https:\/\/www.flugplatz-uelzen.de\/wordpress\/wp-content\/uploads\/2023\/05\/verein-segelflug-privat-d6053-web.jpg\" alt=\"\" class=\"wp-image-590 size-full\" srcset=\"https:\/\/www.flugplatz-uelzen.de\/wordpress\/wp-content\/uploads\/2023\/05\/verein-segelflug-privat-d6053-web.jpg 400w, https:\/\/www.flugplatz-uelzen.de\/wordpress\/wp-content\/uploads\/2023\/05\/verein-segelflug-privat-d6053-web-300x225.jpg 300w\" sizes=\"auto, (max-width: 400px) 100vw, 400px\" \/><\/figure><div class=\"wp-block-media-text__content\">\n<h3 class=\"wp-block-heading\">Schleicher Ka6 CR<\/h3>\n\n\n\n<p class=\"has-colibri-color-6-color has-text-color\">Die Ka6 war in den 50er und 60er Jahren das erfolgreichste Leistungssegelflugzeug in der Standard-Klasse. Sie stellt gleichzeitig aber auch den H\u00f6hepunkt der Holzsegelflugzeuge in dieser Klasse dar, da nach ihr die Kunststoffsegelflugzeuge auf den Wettbewerben die obersten Pl\u00e4tze belegten und zur Mitte der 60er die Holzflugzeuge aus der Standard-Klasse verdr\u00e4ngten. Heute wird die elegante Ka6 besonders f\u00fcr ihre hervorragenden Flugeigenschaften gesch\u00e4tzt, da sie eine sehr gelungene Ruderabstimmung besitzt und sehr leichth\u00e4ndig geflogen werden kann. Zudem ist sie ein ausgezeichneter Thermikflieger und kann so oft noch bei schwachen Verh\u00e4ltnissen in der Luft gehalten werden. Die D-6053 wurde 1967 bei der Firma Alexander Schleicher Segelflugzeugbau hergestellt und werksneu an den Flugsportverein Cumulus Uelzen e.V. ausgeliefert, der damals noch auf dem Heidegel\u00e4nde nahe Brambostel flog. Nach dieser Zeit war sie bis in die 90er Jahre im Besitz einer privaten Haltergemeinschaft in L\u00fcneburg wo sie auch eine aufw\u00e4ndige Grund\u00fcberholung erfuhr. Der FSV Cumulus kaufte danach die D- 53 zur\u00fcck und setzte sie einige Jahre u.a. als Fortgeschrittenen-Schulflugzeug ein. Heute befindet sie sich in Privatbesitz und wird zu einigen Anl\u00e4ssen im Jahr herausgeholt und immer noch sehr gerne geflogen, immerhin ist sie sozusagen das \u00e4lteste Uelzener Flugzeug das noch am Flugplatz Uelzen beheimatet ist.<\/p>\n<\/div><\/div>\n\n\n\n<figure style=\"font-size:14px\" class=\"wp-block-table\"><table class=\"has-colibri-color-6-color has-colibri-color-5-background-color has-text-color has-background has-fixed-layout\"><tbody><tr><td><strong>Flugzeugtyp:<\/strong><br>Schleicher Ka6 CR<\/td><td><strong>Kennzeichen:<\/strong><br>D-6053<\/td><td><strong>Baujahr:<\/strong><br>1967<\/td><\/tr><tr><td><strong>Flugleistung:<\/strong><br>Bestes Gleiten ~ 80 km\/h, geringstes Sinken ~ 68 km\/h, Mindestgeschwindigkeit ~ 58 km\/h, zul\u00e4ssige H\u00f6chstgeschwindigkeit 200 km\/h<\/td><td><strong>Leergewicht:<\/strong><br>200 kg<\/td><td><strong>Max. Abfluggewicht:<\/strong><br>300 kg<\/td><\/tr><tr><td><strong>H\u00f6he:<\/strong><br>1,60 m<\/td><td><strong>Spannweite:<\/strong><br>15 m<\/td><td><strong>L\u00e4nge:<\/strong><br>6,68 m<\/td><\/tr><tr><td><strong>Name des Eigners:<\/strong><br>Privat<\/td><td>&nbsp;<\/td><td>&nbsp;<\/td><\/tr><\/tbody><\/table><\/figure>\n\n\n\n<div style=\"height:50px\" aria-hidden=\"true\" class=\"wp-block-spacer\"><\/div>\n\n\n\n<div class=\"wp-block-media-text alignwide is-stacked-on-mobile is-vertically-aligned-top has-colibri-color-6-color has-colibri-color-5-background-color has-text-color has-background\" style=\"font-size:14px;grid-template-columns:40% auto\"><figure class=\"wp-block-media-text__media\"><img loading=\"lazy\" decoding=\"async\" width=\"400\" height=\"233\" src=\"https:\/\/www.flugplatz-uelzen.de\/wordpress\/wp-content\/uploads\/2023\/05\/verein-segelflug-privat-d5426-web.jpg\" alt=\"\" class=\"wp-image-591 size-full\" srcset=\"https:\/\/www.flugplatz-uelzen.de\/wordpress\/wp-content\/uploads\/2023\/05\/verein-segelflug-privat-d5426-web.jpg 400w, https:\/\/www.flugplatz-uelzen.de\/wordpress\/wp-content\/uploads\/2023\/05\/verein-segelflug-privat-d5426-web-300x175.jpg 300w\" sizes=\"auto, (max-width: 400px) 100vw, 400px\" \/><\/figure><div class=\"wp-block-media-text__content\">\n<h3 class=\"wp-block-heading\">Schleicher Ka 2 \u201eRh\u00f6nschwalbe\u201c<\/h3>\n\n\n\n<p class=\"has-colibri-color-6-color has-text-color\">Die Ka 2 wurde ab 1953, also 2 Jahre nach der Wiedererlaubnis des Flugsports in Deutschland bei Alexander Schleicher Segelflugzeugbau in Serie gebaut. Sie ist die erste Konstruktion des ber\u00fchmten Konstrukteurs Rudolf Kaiser die bei Schleicher aufgelegt wurde und markiert so auch den Beginn dieser sehr erfolgreichen Zusammenarbeit. Die Ka 2 war in dieser Anfangszeit nach dem Krieg ein moderner Entwurf der gute Flugleistungen und Flugeigenschaften sowohl f\u00fcr den Leistungsflug als auch f\u00fcr die Schulung bot. Mit fortschreitender Entwicklung im Segelflugzeugbau wurde aber schnell eine Leistungssteigerung n\u00f6tig und so wurde schon ab 1955 die Ka 2 b mit gr\u00f6\u00dferer Spannweite gebaut. In der Schulung wurde die Ka 2 ebenfalls bald von der robusteren Ka 7 abgel\u00f6st, die mit ihrem Stahlrohrrumpf weniger filigran als die komplett aus Holz gebaute Ka 2 ist. So ist die Ka 2 mit 33 gebauten Exemplaren heute ein eher selten anzutreffender Typ, wobei die noch existierenden Flugzeuge gerade deshalb gehegt und gepflegt werden.<\/p>\n\n\n\n<p class=\"has-colibri-color-6-color has-text-color\">Unsere Ka 2 wurde 1954 hergestellt und flog lange Jahre in S\u00fcddeutschland. Dann erfolgten verschiedene Halterwechsel und das Flugzeug war f\u00fcr einige Jahre in D\u00e4nemark und den Niederlanden registriert, bis sie 2015 nach Uelzen geholt wurde. Die D- 26 ist momentan das \u00e4lteste in Uelzen stationierte Segelflugzeug und wird, gerade weil man dieses seltene Flugzeug auch zu zweit fliegen kann, gerne benutzt.<\/p>\n<\/div><\/div>\n\n\n\n<figure style=\"font-size:14px\" class=\"wp-block-table\"><table class=\"has-colibri-color-6-color has-colibri-color-5-background-color has-text-color has-background has-fixed-layout\"><tbody><tr><td><strong>Flugzeugtyp:<\/strong><br>Schleicher Ka 2<\/td><td><strong>Kennzeichen:<\/strong><br>D-5426<\/td><td><strong>Baujahr:<\/strong><br>1954<\/td><\/tr><tr><td><strong>Flugleistung:<\/strong><br>Bestes Gleiten ~ 87 km\/h, geringstes Sinken 0,96 m\/s, Mindestgeschwindigkeit ~60 km\/h, zul\u00e4ssige H\u00f6chstgeschwindigkeit 170 km\/h<\/td><td><strong>Leergewicht:<\/strong><br>254 kg<\/td><td><strong>Max. Abfluggewicht:<\/strong><br>460 kg<\/td><\/tr><tr><td><strong>H\u00f6he:<\/strong><br>1,70 m<\/td><td><strong>Spannweite:<\/strong><br>15 m<\/td><td><strong>L\u00e4nge:<\/strong><br>7,97 m<\/td><\/tr><tr><td><strong>Name des Eigners:<\/strong><br>Privat<\/td><td><strong>&nbsp;<\/strong><\/td><td>&nbsp;<\/td><\/tr><\/tbody><\/table><\/figure>\n\n\n\n<div style=\"height:100px\" aria-hidden=\"true\" class=\"wp-block-spacer\"><\/div>\n\n\n\n<h2 class=\"wp-block-heading\">JUGENDGRUPPE SEGELFLUG<\/h2>\n\n\n\n<p class=\"has-colibri-color-6-color has-text-color\">Es gibt im Verein eine aktive Jugendgruppe. Sie engagiert sich zum Beispiel in der Werbung f\u00fcr den Luftsport bei \u00f6ffentlichen Veranstaltungen in der Region und bei der Organisation des Segelflugbetriebs w\u00e4hrend unseres Flugtags. Oft ist zu beobachten, wie die Jugendlichen einem schw\u00e4chelnden Motorflugpiloten dabei helfen, ein Flugzeug in die Vereinshalle zu schieben&#8230;.<\/p>\n\n\n\n<p class=\"has-colibri-color-6-color has-text-color\">Der Sch\u00fcler-Anteil ist in der Jugendgruppe besonders hoch. Somit spielt die Ausbildung im Segelflug eine sehr wichtige Rolle. Hierbei lernen die Flugsch\u00fcler nicht nur das Fliegen, sie erleben z.B. auch mit, wie die Flugzeuge im Winterhalbjahr gewartet werden und beteiligen sich an den Arbeiten. Zudem bietet das Flugplatzgel\u00e4nde die M\u00f6glichkeit, schon als Minderj\u00e4hriger Autofahren zu lernen. Die Jugendlichen lernen fr\u00fch, Verantwortung zu \u00fcbernehmen, z.B. als Pate f\u00fcr ein Segelflugzeug oder vielleicht sogar als Jugendwart im Vorstand und haben somit die M\u00f6glichkeit, den Segelflug aktiv mit zu gestalten.<\/p>\n\n\n\n<div style=\"height:100px\" aria-hidden=\"true\" class=\"wp-block-spacer\"><\/div>\n\n\n\n<h2 class=\"wp-block-heading\">SEGELFLUG-SOMMERLAGER<\/h2>\n\n\n\n<p class=\"has-colibri-color-6-color has-text-color\">In den Sommerferien findet in der Segelflugsparte regelm\u00e4\u00dfig ein Sommerlager statt. Es dauert ca. zwei Wochen und bietet eine hervorragende M\u00f6glichkeit, das Segelfliegen einmal auszuprobieren oder auch zu erlernen und zu vertiefen. Meistens verbringen die Segelflieger die Zeit auf einem anderen Flugplatz wie z.B. Wittstock, oder eine andere Segelfliegergruppe besucht den Flugplatz Uelzen. Sofern das Wetter es zul\u00e4sst, wird jeden Tag geflogen, sodass man als Flugsch\u00fcler gro\u00dfe Fortschritte macht, z.B. den ersten Alleinflug, oder eine Einweisung auf ein neues Flugzeugmuster absolviert. Abends wird oft gemeinsam gekocht und der Tag klingt am Lagerfeuer aus. Oder es geht zum Sonnenuntergang noch einmal in die Luft! Da f\u00fcr das Sommerlager in der Regel Jugendf\u00f6rdermittel zur Verf\u00fcgung stehen, werden im Wesentlichen lediglich Beitr\u00e4ge f\u00fcr Verpflegung und Camping f\u00e4llig.<\/p>\n\n\n\n<figure class=\"wp-block-image size-large\"><img loading=\"lazy\" decoding=\"async\" width=\"1024\" height=\"761\" src=\"https:\/\/www.flugplatz-uelzen.de\/wordpress\/wp-content\/uploads\/2023\/05\/verein-segelflug-sommerlager-1024x761.jpg\" alt=\"\" class=\"wp-image-592\" srcset=\"https:\/\/www.flugplatz-uelzen.de\/wordpress\/wp-content\/uploads\/2023\/05\/verein-segelflug-sommerlager-1024x761.jpg 1024w, https:\/\/www.flugplatz-uelzen.de\/wordpress\/wp-content\/uploads\/2023\/05\/verein-segelflug-sommerlager-300x223.jpg 300w, https:\/\/www.flugplatz-uelzen.de\/wordpress\/wp-content\/uploads\/2023\/05\/verein-segelflug-sommerlager-768x571.jpg 768w, https:\/\/www.flugplatz-uelzen.de\/wordpress\/wp-content\/uploads\/2023\/05\/verein-segelflug-sommerlager-1536x1141.jpg 1536w, https:\/\/www.flugplatz-uelzen.de\/wordpress\/wp-content\/uploads\/2023\/05\/verein-segelflug-sommerlager-2048x1522.jpg 2048w\" sizes=\"auto, (max-width: 1024px) 100vw, 1024px\" \/><\/figure>\n","protected":false},"excerpt":{"rendered":"<p>Der Flugsportverein Cumulus e.V. betreibt eine Flotte von vier Segelflugzeugen. Dazu z\u00e4hlt die robuste, f\u00fcr die Schulung hervorragend geeignete ASK 21. Der Discus B, die ASW 24 und die DG [&hellip;]<\/p>\n","protected":false},"author":3,"featured_media":0,"parent":0,"menu_order":0,"comment_status":"closed","ping_status":"closed","template":"","meta":{"footnotes":""},"class_list":["post-231","page","type-page","status-publish","hentry"],"_links":{"self":[{"href":"https:\/\/www.flugplatz-uelzen.de\/wordpress\/wp-json\/wp\/v2\/pages\/231","targetHints":{"allow":["GET"]}}],"collection":[{"href":"https:\/\/www.flugplatz-uelzen.de\/wordpress\/wp-json\/wp\/v2\/pages"}],"about":[{"href":"https:\/\/www.flugplatz-uelzen.de\/wordpress\/wp-json\/wp\/v2\/types\/page"}],"author":[{"embeddable":true,"href":"https:\/\/www.flugplatz-uelzen.de\/wordpress\/wp-json\/wp\/v2\/users\/3"}],"replies":[{"embeddable":true,"href":"https:\/\/www.flugplatz-uelzen.de\/wordpress\/wp-json\/wp\/v2\/comments?post=231"}],"version-history":[{"count":0,"href":"https:\/\/www.flugplatz-uelzen.de\/wordpress\/wp-json\/wp\/v2\/pages\/231\/revisions"}],"wp:attachment":[{"href":"https:\/\/www.flugplatz-uelzen.de\/wordpress\/wp-json\/wp\/v2\/media?parent=231"}],"curies":[{"name":"wp","href":"https:\/\/api.w.org\/{rel}","templated":true}]}}