{"id":181,"date":"2023-02-07T21:14:17","date_gmt":"2023-02-07T20:14:17","guid":{"rendered":"https:\/\/www.flugplatz-uelzen.de\/wordpress\/?page_id=181"},"modified":"2023-05-10T06:54:17","modified_gmt":"2023-05-10T04:54:17","slug":"anfahrt","status":"publish","type":"page","link":"https:\/\/www.flugplatz-uelzen.de\/wordpress\/anfahrt\/","title":{"rendered":"Anfahrt"},"content":{"rendered":"\n<p class=\"has-colibri-color-6-color has-text-color\">Der Flugplatz Uelzen liegt 5 km westlich der Stadt Uelzen, nahe dem Dorf Barnsen, in der Gemeinde Gerdau, Landkreis Uelzen. Die Adresse f\u00fcr die Anfahrt des Flugplatzes lautet wie folgt.<\/p>\n\n\n\n<p class=\"has-colibri-color-6-color has-text-color\">Flugplatz Uelzen<br>Stadtweg 5<br>29581 Gerdau\/Barnsen<\/p>\n\n\n\n<p class=\"has-colibri-color-6-color has-text-color\">Mit dem Auto kann der Flugplatz wie folgt erreicht werden:<\/p>\n\n\n\n<h3 class=\"wp-block-heading\">Aus Richtung Norden<\/h3>\n\n\n\n<p class=\"has-colibri-color-6-color has-text-color\">\u00dcber L\u00fcneburg, die B4 bis Melbeck, an der Ampel rechts ab \u00fcber Ebstorf bis Melzingen. Dort rechts ab und dem Schild &#8222;Flugplatz&#8220; folgen, in Barnsen beim Schild &#8222;Flugplatz&#8220; links ab und dem Asphaltweg bis zum Flugplatz folgen. Alternativ bietet sich auch die Strecke von Bienenb\u00fcttel (an der B4) \u00fcber Ebstorf &#8211; Melzingen an. Die dritte Strecke f\u00fchrt von Barum (an der B4)- Vinnstedt &#8211; Ebstorf &#8211; Melzingen ans Ziel.<\/p>\n\n\n\n<h3 class=\"wp-block-heading\">Aus Richtung S\u00fcden<\/h3>\n\n\n\n<p class=\"has-colibri-color-6-color has-text-color\">\u00dcber die B4 bis Holdenstedt, dann links ab \u00fcber Klein S\u00fcstedt &#8211; Hansen &#8211; links ab auf die B71 Richtung Soltau. Hinter Bohlsen beim Schild &#8222;Flugplatz&#8220; rechts ab und weiter bis nach Barnsen. Beim Schild &#8222;Flugplatz&#8220; abbiegen und dem Asphaltweg bis zu zum Flugplatz folgen.<\/p>\n\n\n\n<h3 class=\"wp-block-heading\">Aus Richtung Osten<\/h3>\n\n\n\n<p class=\"has-colibri-color-6-color has-text-color\">Auf der B71, B191 oder B493 Richtung Uelzen. Dann weiter auf der B71 Richtung Soltau. Hinter Bohlsen beim Schild &#8222;Flugplatz&#8220; rechts ab und weiter bis nach Barnsen. Beim Schild &#8222;Flugplatz&#8220; abbiegen und dem Asphaltweg bis zu zum Flugplatz folgen.<\/p>\n\n\n\n<h3 class=\"wp-block-heading\">Aus Richtung Westen<\/h3>\n\n\n\n<p class=\"has-colibri-color-6-color has-text-color\">\u00dcber Soltau, BAB Soltau-Ost auf der B71 Richtung Uelzen. Vor Bohlsen biegen Sie beim Schild &#8222;Flugplatz&#8220; links ab und fahren weiter bis nach Barnsen. Beim Schild &#8222;Flugplatz&#8220; abbiegen und dem Asphaltweg bis zu zum Flugplatz folgen.<\/p>\n\n\n\n<div style=\"height:50px\" aria-hidden=\"true\" class=\"wp-block-spacer\"><\/div>\n\n\n\n<h2 class=\"wp-block-heading\">ANFAHRT<\/h2>\n\n\n\n<figure class=\"wp-block-image size-full\"><img loading=\"lazy\" decoding=\"async\" width=\"1000\" height=\"505\" src=\"https:\/\/www.flugplatz-uelzen.de\/wordpress\/wp-content\/uploads\/2023\/05\/flugplatz-anfahrt-karte-geschwindigkeit.jpg\" alt=\"\" class=\"wp-image-653\" srcset=\"https:\/\/www.flugplatz-uelzen.de\/wordpress\/wp-content\/uploads\/2023\/05\/flugplatz-anfahrt-karte-geschwindigkeit.jpg 1000w, https:\/\/www.flugplatz-uelzen.de\/wordpress\/wp-content\/uploads\/2023\/05\/flugplatz-anfahrt-karte-geschwindigkeit-300x152.jpg 300w, https:\/\/www.flugplatz-uelzen.de\/wordpress\/wp-content\/uploads\/2023\/05\/flugplatz-anfahrt-karte-geschwindigkeit-768x388.jpg 768w\" sizes=\"auto, (max-width: 1000px) 100vw, 1000px\" \/><\/figure>\n","protected":false},"excerpt":{"rendered":"<p>Der Flugplatz Uelzen liegt 5 km westlich der Stadt Uelzen, nahe dem Dorf Barnsen, in der Gemeinde Gerdau, Landkreis Uelzen. Die Adresse f\u00fcr die Anfahrt des Flugplatzes lautet wie folgt. [&hellip;]<\/p>\n","protected":false},"author":3,"featured_media":0,"parent":0,"menu_order":0,"comment_status":"closed","ping_status":"closed","template":"","meta":{"footnotes":""},"class_list":["post-181","page","type-page","status-publish","hentry"],"_links":{"self":[{"href":"https:\/\/www.flugplatz-uelzen.de\/wordpress\/wp-json\/wp\/v2\/pages\/181","targetHints":{"allow":["GET"]}}],"collection":[{"href":"https:\/\/www.flugplatz-uelzen.de\/wordpress\/wp-json\/wp\/v2\/pages"}],"about":[{"href":"https:\/\/www.flugplatz-uelzen.de\/wordpress\/wp-json\/wp\/v2\/types\/page"}],"author":[{"embeddable":true,"href":"https:\/\/www.flugplatz-uelzen.de\/wordpress\/wp-json\/wp\/v2\/users\/3"}],"replies":[{"embeddable":true,"href":"https:\/\/www.flugplatz-uelzen.de\/wordpress\/wp-json\/wp\/v2\/comments?post=181"}],"version-history":[{"count":0,"href":"https:\/\/www.flugplatz-uelzen.de\/wordpress\/wp-json\/wp\/v2\/pages\/181\/revisions"}],"wp:attachment":[{"href":"https:\/\/www.flugplatz-uelzen.de\/wordpress\/wp-json\/wp\/v2\/media?parent=181"}],"curies":[{"name":"wp","href":"https:\/\/api.w.org\/{rel}","templated":true}]}}