{"id":171,"date":"2023-02-07T20:58:25","date_gmt":"2023-02-07T19:58:25","guid":{"rendered":"https:\/\/www.flugplatz-uelzen.de\/wordpress\/?page_id=171"},"modified":"2023-05-09T20:49:42","modified_gmt":"2023-05-09T18:49:42","slug":"flugplatz-besuchen","status":"publish","type":"page","link":"https:\/\/www.flugplatz-uelzen.de\/wordpress\/flugplatz-besuchen\/","title":{"rendered":"Flugplatz besuchen"},"content":{"rendered":"\n<p class=\"has-colibri-color-6-color has-text-color\">Ob Sie gerade in der Region Urlaub machen, in Uelzen oder Umgebung wohnen: G\u00f6nnen Sie sich einmal die einzigartige Atmosph\u00e4re auf unserem Flugplatz. Der Flugplatz ist wundersch\u00f6n gelegen am Rande des Uelzener Stadtwaldes, nahe der Ortschaft Barnsen &#8211; ein tolles Ausflugziel f\u00fcr die ganze Familie. Beobachten Sie den Flugbetrieb, und wenn Sie m\u00f6chten, k\u00f6nnen Sie auch in einem Motor- oder Segelflugzeug mitfliegen. Der Flugsportverein Cumulus Uelzen e.V. hei\u00dft Sie herzlich willkommen und freut sich auf Ihren Besuch!<\/p>\n\n\n\n<p class=\"has-colibri-color-6-color has-text-color\">Auf unserem Flugplatz k\u00f6nnen Sie:<\/p>\n\n\n\n<h3 class=\"wp-block-heading\">Flugplatzatmosph\u00e4re genie\u00dfen<\/h3>\n\n\n\n<p class=\"has-colibri-color-6-color has-text-color\">Verfolgen Sie den Flugbetrieb von der Terrasse aus und lassen Sie sich Kaffee und Kuchen aus unserem Kasino schmecken. Ihre Kinder k\u00f6nnen auf unserem kleinen Spielplatz spielen, w\u00e4hrend Sie die die Flugzeuge am Boden und in der Luft beobachten.&nbsp;<\/p>\n\n\n\n<h3 class=\"wp-block-heading\">Flugbetrieb erleben<\/h3>\n\n\n\n<p class=\"has-colibri-color-6-color has-text-color\">Schauen Sie unseren Segelfliegern hinterher, die nach dem Start an der Seilwinde am Himmel \u00fcber Uelzen ihre Kreise ziehen. Beobachten Sie, wie die Motorflugzeuge starten oder &#8211; vielleicht nach einem Ausflug auf die Nordseeinseln &#8211; wieder landen.&nbsp;<\/p>\n\n\n\n<h3 class=\"wp-block-heading\">Flugsport kennenlernen<\/h3>\n\n\n\n<p class=\"has-colibri-color-6-color has-text-color\">Sprechen Sie uns gern an und lassen sich erkl\u00e4ren, was die Zeichen im Signalgarten bedeuten, warum die Flugzeuge in eine bestimmte Richtung starten und landen, was eine Platzrunde ist und wie Piloten in der Luft navigieren.&nbsp;<\/p>\n\n\n\n<h3 class=\"wp-block-heading\">Mitfliegen<\/h3>\n\n\n\n<p class=\"has-colibri-color-6-color has-text-color\">Steigen Sie gleich in eins unser Vereinsflugzeuge mit ein, gern teilen wir mit Ihnen die Freude am Luftsport bei einem Mitflug. Erleben Sie die L\u00fcneburger Heide aus der Vogelperspektive!&nbsp;<\/p>\n\n\n\n<h3 class=\"wp-block-heading\">Veranstaltungen besuchen<\/h3>\n\n\n\n<p class=\"has-colibri-color-6-color has-text-color\">Unsere Vereinsmitglieder organisieren jedes Jahr \u00f6ffentliche Veranstaltungen f\u00fcr G\u00e4ste, wie z.B. das gro\u00dfe Flugplatzfest an Christi Himmelfahrt, sowie weitere Rundflugtage, bei denen Sie mit Segel- und Motorflugzeugen des Vereins interessante Ausblicke genie\u00dfen k\u00f6nnen. Au\u00dferdem gibt es &#8222;Schnuppertage&#8220; f\u00fcr Flugsportinteressierte, die einen Einblick in die Flugausbildung bekommen m\u00f6chten.<\/p>\n\n\n\n<div style=\"height:50px\" aria-hidden=\"true\" class=\"wp-block-spacer\"><\/div>\n\n\n\n<h2 class=\"wp-block-heading\">BETRIEBSZEITEN<\/h2>\n\n\n\n<figure class=\"wp-block-table is-style-stripes\" style=\"font-size:14px\"><table class=\"has-colibri-color-6-color has-colibri-color-5-background-color has-text-color has-background has-fixed-layout\"><thead><tr><th class=\"has-text-align-center\" data-align=\"center\">Flugbetriebszeiten<\/th><th class=\"has-text-align-center\" data-align=\"center\">Sommerzeit<\/th><th class=\"has-text-align-center\" data-align=\"center\">Winterzeit*<\/th><\/tr><\/thead><tbody><tr><td class=\"has-text-align-center\" data-align=\"center\">Samstags<\/td><td class=\"has-text-align-center\" data-align=\"center\">13:00 Uhr &#8211; 19:00 Uhr<\/td><td class=\"has-text-align-center\" data-align=\"center\">13:00 Uhr &#8211; 16:00 Uhr<\/td><\/tr><tr><td class=\"has-text-align-center\" data-align=\"center\">Sonntags, Feiertage<\/td><td class=\"has-text-align-center\" data-align=\"center\">09:00 Uhr &#8211; 19:00 Uhr<\/td><td class=\"has-text-align-center\" data-align=\"center\">11:00 Uhr &#8211; 16:00 Uhr<\/td><\/tr><\/tbody><\/table><\/figure>\n\n\n\n<p class=\"has-colibri-color-6-color has-text-color has-small-font-size\">Hinweis: F\u00fcr An- und Abfl\u00fcge in der Winterzeit gilt PPR<\/p>\n\n\n\n<div style=\"height:10px\" aria-hidden=\"true\" class=\"wp-block-spacer\"><\/div>\n\n\n\n<figure class=\"wp-block-table is-style-stripes\" style=\"font-size:14px\"><table class=\"has-colibri-color-6-color has-colibri-color-5-background-color has-text-color has-background has-fixed-layout\"><thead><tr><th class=\"has-text-align-center\" data-align=\"center\">Segelflugbetriebszeiten<\/th><th class=\"has-text-align-center\" data-align=\"center\">April &#8211; Oktober<\/th><\/tr><\/thead><tbody><tr><td class=\"has-text-align-center\" data-align=\"center\">Samstags<\/td><td class=\"has-text-align-center\" data-align=\"center\">&#8211;<\/td><\/tr><tr><td class=\"has-text-align-center\" data-align=\"center\">Sonntags<\/td><td class=\"has-text-align-center\" data-align=\"center\">10:00 Uhr &#8211; 18:00 Uhr<\/td><\/tr><\/tbody><\/table><\/figure>\n\n\n\n<div style=\"height:50px\" aria-hidden=\"true\" class=\"wp-block-spacer\"><\/div>\n\n\n\n<h2 class=\"wp-block-heading\">ANFAHRT<\/h2>\n\n\n\n<figure class=\"wp-block-image size-full is-resized\"><img loading=\"lazy\" decoding=\"async\" src=\"https:\/\/www.flugplatz-uelzen.de\/wordpress\/wp-content\/uploads\/2023\/05\/flugplatz-anfahrt-karte-geschwindigkeit.jpg\" alt=\"\" class=\"wp-image-653\" width=\"1000\" height=\"505\" srcset=\"https:\/\/www.flugplatz-uelzen.de\/wordpress\/wp-content\/uploads\/2023\/05\/flugplatz-anfahrt-karte-geschwindigkeit.jpg 1000w, https:\/\/www.flugplatz-uelzen.de\/wordpress\/wp-content\/uploads\/2023\/05\/flugplatz-anfahrt-karte-geschwindigkeit-300x152.jpg 300w, https:\/\/www.flugplatz-uelzen.de\/wordpress\/wp-content\/uploads\/2023\/05\/flugplatz-anfahrt-karte-geschwindigkeit-768x388.jpg 768w\" sizes=\"auto, (max-width: 1000px) 100vw, 1000px\" \/><\/figure>\n","protected":false},"excerpt":{"rendered":"<p>Ob Sie gerade in der Region Urlaub machen, in Uelzen oder Umgebung wohnen: G\u00f6nnen Sie sich einmal die einzigartige Atmosph\u00e4re auf unserem Flugplatz. Der Flugplatz ist wundersch\u00f6n gelegen am Rande [&hellip;]<\/p>\n","protected":false},"author":3,"featured_media":0,"parent":0,"menu_order":0,"comment_status":"closed","ping_status":"closed","template":"","meta":{"footnotes":""},"class_list":["post-171","page","type-page","status-publish","hentry"],"_links":{"self":[{"href":"https:\/\/www.flugplatz-uelzen.de\/wordpress\/wp-json\/wp\/v2\/pages\/171","targetHints":{"allow":["GET"]}}],"collection":[{"href":"https:\/\/www.flugplatz-uelzen.de\/wordpress\/wp-json\/wp\/v2\/pages"}],"about":[{"href":"https:\/\/www.flugplatz-uelzen.de\/wordpress\/wp-json\/wp\/v2\/types\/page"}],"author":[{"embeddable":true,"href":"https:\/\/www.flugplatz-uelzen.de\/wordpress\/wp-json\/wp\/v2\/users\/3"}],"replies":[{"embeddable":true,"href":"https:\/\/www.flugplatz-uelzen.de\/wordpress\/wp-json\/wp\/v2\/comments?post=171"}],"version-history":[{"count":0,"href":"https:\/\/www.flugplatz-uelzen.de\/wordpress\/wp-json\/wp\/v2\/pages\/171\/revisions"}],"wp:attachment":[{"href":"https:\/\/www.flugplatz-uelzen.de\/wordpress\/wp-json\/wp\/v2\/media?parent=171"}],"curies":[{"name":"wp","href":"https:\/\/api.w.org\/{rel}","templated":true}]}}