{"id":134,"date":"2023-02-07T14:43:29","date_gmt":"2023-02-07T13:43:29","guid":{"rendered":"https:\/\/www.flugplatz-uelzen.de\/wordpress\/?page_id=134"},"modified":"2026-04-02T07:38:04","modified_gmt":"2026-04-02T05:38:04","slug":"piloten-info-webcams","status":"publish","type":"page","link":"https:\/\/www.flugplatz-uelzen.de\/wordpress\/piloten-info-webcams\/","title":{"rendered":"Piloten-Info &#038; Webcams"},"content":{"rendered":"\n<p class=\"has-colibri-color-3-color has-text-color has-link-color wp-elements-e4d6d9ac4750e7795d9ae7c8f0759e87\"><\/p>\n\n\n\n<p class=\"has-colibri-color-6-color has-text-color\">Diese Seite enth\u00e4lt eine \u00dcbersicht aller relevanten Informationen f\u00fcr Pilotinnen und Piloten, die den Flugplatz Uelzen anfliegen m\u00f6chten.<\/p>\n\n\n\n<ul class=\"wp-block-list has-colibri-color-6-color has-text-color\">\n<li>AIP<\/li>\n\n\n\n<li>PPR Kontaktdaten<\/li>\n\n\n\n<li>L\u00e4rmschutzhinweise<\/li>\n\n\n\n<li>Wetter Infos und Webcams<\/li>\n\n\n\n<li>Geb\u00fchrenordnung, Preise f\u00fcr Betriebsstoffe, etc<\/li>\n\n\n\n<li>Flugpl\u00e4tze in der N\u00e4he<\/li>\n<\/ul>\n\n\n\n<p class=\"has-colibri-color-6-color has-text-color\">Die \u00dcbersicht erhebt keinen Anspruch auf Vollst\u00e4ndigkeit und ist kein rechtsg\u00fcltiger Nachweis der Flugvorbereitung nach \u00a7 3a LuftVO.<\/p>\n\n\n\n<div style=\"height:50px\" aria-hidden=\"true\" class=\"wp-block-spacer\"><\/div>\n\n\n\n<h2 class=\"wp-block-heading\">AIP<\/h2>\n\n\n\n<p class=\"has-colibri-color-6-color has-text-color\">Der Flugplatz Uelzen liegt 3 NM nord-westlich der Stadt Uelzen, nahe dem Dorf Barnsen, Landkreis Uelzen, Niedersachsen.<\/p>\n\n\n\n<figure class=\"wp-block-table is-style-stripes\" style=\"font-size:14px\"><table class=\"has-colibri-color-6-color has-colibri-color-5-background-color has-text-color has-background has-fixed-layout\"><tbody><tr><td class=\"has-text-align-right\" data-align=\"right\"><strong>ICAO<\/strong><\/td><td>EDVU<\/td><\/tr><tr><td class=\"has-text-align-right\" data-align=\"right\"><strong>Callsign<\/strong><\/td><td>Uelzen Radio<\/td><\/tr><tr><td class=\"has-text-align-right\" data-align=\"right\"><strong>Tower \/ Info<\/strong><\/td><td>130.905 MHz<\/td><\/tr><tr><td class=\"has-text-align-right\" data-align=\"right\"><strong>Elevation<\/strong><\/td><td>246 ft\/75 m<\/td><\/tr><tr><td class=\"has-text-align-right\" data-align=\"right\"><strong>Traffic Circuit<\/strong><\/td><td>North 1200 ft<\/td><\/tr><tr><td class=\"has-text-align-right\" data-align=\"right\"><strong>Location<\/strong><\/td><td>3.5 NM NW Uelzen<\/td><\/tr><tr><td class=\"has-text-align-right\" data-align=\"right\"><strong>Coordinates<\/strong><\/td><td>N 52 58.99 E 10 27.92<\/td><\/tr><tr><td class=\"has-text-align-right\" data-align=\"right\"><strong>FIS<\/strong><\/td><td>Langen Information 132.650 MHz<\/td><\/tr><tr><td class=\"has-text-align-right\" data-align=\"right\"><strong>GAFOR<\/strong><\/td><td>06<\/td><\/tr><tr><td class=\"has-text-align-right\" data-align=\"right\"><strong>Aircraft<\/strong><\/td><td>5700 kg, HEL 5700 kg<br>Helicopter, Motorsegler (GLDP), Segelflugzeuge (GLD), Ballon, Ultraleicht (UL)<\/td><\/tr><tr><td class=\"has-text-align-right\" data-align=\"right\"><strong>Navigation<\/strong><\/td><td>166\u00b0\/43 NM from HAM 113.10<br>264\u00b0\/39 NM from BKD 117.70<br>340\u00b0\/40 NM from HLZ 117.30<\/td><\/tr><tr><td class=\"has-text-align-right\" data-align=\"right\"><strong>RWY<\/strong><\/td><td>800 x 20 m, ASPHALT<br>RWY 08, TKOF 750 m, LDG 750 m<br>RWY 26, TKOF 750 m, LDG 750 m<\/td><\/tr><tr><td class=\"has-text-align-right\" data-align=\"right\"><strong>Operations<\/strong><\/td><td>Fon:&nbsp;<a href=\"fon:00495808980027\">+49 5808 980027<\/a><\/td><\/tr><tr><td class=\"has-text-align-right\" data-align=\"right\"><strong>Hours<\/strong><\/td><td>Summer: Sat 1100-1700 UTC, Sun, HOL 0700-1700 UTC<br>Winter: PPR<br>Other Times: PPR<\/td><\/tr><tr><td class=\"has-text-align-right\" data-align=\"right\"><strong>PPR<\/strong><\/td><td>Fon:&nbsp;&nbsp;<a href=\"fon:00495808980111\">+49 5808 980111<\/a><\/td><\/tr><tr><td class=\"has-text-align-right\" data-align=\"right\"><strong>AIS<\/strong><\/td><td>Centre&nbsp;<a href=\"fon:00496978072500\">+49 69 78072500<\/a><\/td><\/tr><tr><td class=\"has-text-align-right\" data-align=\"right\"><strong>MET<\/strong><\/td><td>LBZ Nord, Hamburg&nbsp;<a href=\"fon:00499001077221\">+49 900 1077221<\/a><\/td><\/tr><tr><td class=\"has-text-align-right\" data-align=\"right\"><strong>Fuel<\/strong><\/td><td>AVGAS 100LL, MOGAS Super Plus<\/td><\/tr><tr><td class=\"has-text-align-right\" data-align=\"right\"><strong>Oil<\/strong><\/td><td>80, 100<\/td><\/tr><tr><td class=\"has-text-align-right\" data-align=\"right\"><strong>Customs<\/strong><\/td><td>No<\/td><\/tr><tr><td class=\"has-text-align-right\" data-align=\"right\"><strong>Remarks<\/strong><\/td><td>Wohngebiete meiden<\/td><\/tr><\/tbody><\/table><\/figure>\n\n\n\n<div style=\"height:50px\" aria-hidden=\"true\" class=\"wp-block-spacer\"><\/div>\n\n\n\n<h2 class=\"wp-block-heading\">PPR<\/h2>\n\n\n\n<figure class=\"wp-block-table is-style-stripes\" style=\"font-size:14px\"><table class=\"has-colibri-color-6-color has-colibri-color-5-background-color has-text-color has-background has-fixed-layout\"><tbody><tr><td class=\"has-text-align-right\" data-align=\"right\"><strong>Kontakt<\/strong><\/td><td class=\"has-text-align-left\" data-align=\"left\">Tel.: 05808-980111<\/td><\/tr><tr><td class=\"has-text-align-right\" data-align=\"right\">PPR-Geb\u00fchr einmalige Anfahrt und bis 60 Minuten<br>PPR-Geb\u00fchr zweimalige Anfahrt oder \u00fcber 60 Minuten<\/td><td class=\"has-text-align-left\" data-align=\"left\">30 \u20ac<br>50 \u20ac<\/td><\/tr><\/tbody><\/table><\/figure>\n\n\n\n<div style=\"height:50px\" aria-hidden=\"true\" class=\"wp-block-spacer\"><\/div>\n\n\n\n<h2 class=\"wp-block-heading\">L\u00e4rmschutzhinweise<\/h2>\n\n\n\n<p class=\"has-colibri-color-6-color has-text-color\"><strong>&#8211; Bitte beachten &#8211;<\/strong><\/p>\n\n\n\n<p class=\"has-colibri-color-6-color has-text-color\">Der \u00dcberflug der umliegenden Ortschaften ist umbedingt zu vermeiden. Dies gilt insbesondere f\u00fcr die Orte Barnsen (westlich des Platzes), Melzingen (nord-westlich des Platzes) und Westerweyhe (nord-\u00f6stlich des Platzes).<\/p>\n\n\n\n<div class=\"wp-block-media-text alignwide is-stacked-on-mobile is-vertically-aligned-top\" style=\"grid-template-columns:60% auto\"><figure class=\"wp-block-media-text__media\"><img loading=\"lazy\" decoding=\"async\" width=\"1000\" height=\"556\" src=\"https:\/\/www.flugplatz-uelzen.de\/wordpress\/wp-content\/uploads\/2023\/05\/flugplatz-piloten-info-karteortschaften_2016.jpg\" alt=\"\" class=\"wp-image-649 size-full\" srcset=\"https:\/\/www.flugplatz-uelzen.de\/wordpress\/wp-content\/uploads\/2023\/05\/flugplatz-piloten-info-karteortschaften_2016.jpg 1000w, https:\/\/www.flugplatz-uelzen.de\/wordpress\/wp-content\/uploads\/2023\/05\/flugplatz-piloten-info-karteortschaften_2016-300x167.jpg 300w, https:\/\/www.flugplatz-uelzen.de\/wordpress\/wp-content\/uploads\/2023\/05\/flugplatz-piloten-info-karteortschaften_2016-768x427.jpg 768w\" sizes=\"auto, (max-width: 1000px) 100vw, 1000px\" \/><\/figure><div class=\"wp-block-media-text__content\">\n<figure class=\"wp-block-table is-style-stripes\" style=\"font-size:14px\"><table class=\"has-colibri-color-6-color has-colibri-color-5-background-color has-text-color has-background has-fixed-layout\"><thead><tr><th class=\"has-text-align-right\" data-align=\"right\">Startrichtung<\/th><th class=\"has-text-align-left\" data-align=\"left\">Hinweis<\/th><\/tr><\/thead><tbody><tr><td class=\"has-text-align-right\" data-align=\"right\"><strong>26<\/strong><\/td><td class=\"has-text-align-left\" data-align=\"left\">Am Platzende auf 320\u00b0 drehen. Zur westlich gelegenen Ortschaft Abstand halten.<\/td><\/tr><tr><td class=\"has-text-align-right\" data-align=\"right\"><strong>08<\/strong><\/td><td class=\"has-text-align-left\" data-align=\"left\">Im Querabflug zur nord-\u00f6stlich gelegenen Ortschaft Abstand halten.<\/td><\/tr><\/tbody><\/table><\/figure>\n\n\n\n<figure class=\"wp-block-table is-style-stripes\" style=\"font-size:14px\"><table class=\"has-colibri-color-6-color has-colibri-color-5-background-color has-text-color has-background has-fixed-layout\"><thead><tr><th class=\"has-text-align-right\" data-align=\"right\">Landerichtung<\/th><th class=\"has-text-align-left\" data-align=\"left\">Hinweis<\/th><\/tr><\/thead><tbody><tr><td class=\"has-text-align-right\" data-align=\"right\"><strong>26<\/strong><\/td><td class=\"has-text-align-left\" data-align=\"left\">Im Queranflug zur nord-\u00f6stlich gelegenen Ortschaft Abstand halten.<\/td><\/tr><tr><td class=\"has-text-align-right\" data-align=\"right\"><strong>08<\/strong><\/td><td class=\"has-text-align-left\" data-align=\"left\">Den Quer- und Endanflug abk\u00fcrzen. Zur westlich gelegenen Ortschaft Abstand halten.<\/td><\/tr><\/tbody><\/table><\/figure>\n<\/div><\/div>\n\n\n\n<div style=\"height:50px\" aria-hidden=\"true\" class=\"wp-block-spacer\"><\/div>\n\n\n\n<h2 class=\"wp-block-heading\">WETTER UND WEBCAMS<\/h2>\n\n\n\n<figure class=\"wp-block-table is-style-stripes\" style=\"font-size:14px\"><table class=\"has-colibri-color-6-color has-colibri-color-5-background-color has-text-color has-background has-fixed-layout\"><tbody><tr><td class=\"has-text-align-left\" data-align=\"left\">Webcam Richtung Nordwesten (ca. 300\u00b0)<\/td><td class=\"has-text-align-right\" data-align=\"right\">Webcam Richtung Nordosten (ca. 60\u00b0)<\/td><\/tr><tr><td class=\"has-text-align-left\" data-align=\"left\"><img decoding=\"async\" src=\"https:\/\/www.flugplatz-uelzen.de\/wetter\/cam_west.jpg\" alt=\"\"><\/td><td class=\"has-text-align-right\" data-align=\"right\"><img decoding=\"async\" src=\"https:\/\/www.flugplatz-uelzen.de\/wetter\/cam_ost.jpg\" alt=\"\"><\/td><\/tr><\/tbody><\/table><\/figure>\n\n\n\n<div style=\"height:50px\" aria-hidden=\"true\" class=\"wp-block-spacer\"><\/div>\n\n\n\n<h2 class=\"wp-block-heading\">Geb\u00fchrenordnung<\/h2>\n\n\n\n<h3 class=\"wp-block-heading\">Landegeb\u00fchren<\/h3>\n\n\n\n<figure class=\"wp-block-table is-style-stripes\" style=\"font-size:14px\"><table class=\"has-colibri-color-6-color has-colibri-color-5-background-color has-text-color has-background has-fixed-layout\"><thead><tr><th class=\"has-text-align-center\" data-align=\"center\">H\u00f6chstabfluggewicht<\/th><th class=\"has-text-align-center\" data-align=\"center\">Ohne<br>Schallschutz<\/th><th class=\"has-text-align-center\" data-align=\"center\">Erh\u00f6hter<br>Schallschutz<\/th><\/tr><\/thead><tbody><tr><td class=\"has-text-align-center\" data-align=\"center\">bis 1000 kg<\/td><td class=\"has-text-align-center\" data-align=\"center\">8 \u20ac<\/td><td class=\"has-text-align-center\" data-align=\"center\">6 \u20ac<\/td><\/tr><tr><td class=\"has-text-align-center\" data-align=\"center\">bis 1200 kg<\/td><td class=\"has-text-align-center\" data-align=\"center\">10 \u20ac<\/td><td class=\"has-text-align-center\" data-align=\"center\">7 \u20ac<\/td><\/tr><tr><td class=\"has-text-align-center\" data-align=\"center\">bis 1400 kg<\/td><td class=\"has-text-align-center\" data-align=\"center\">12 \u20ac<\/td><td class=\"has-text-align-center\" data-align=\"center\">9 \u20ac<\/td><\/tr><tr><td class=\"has-text-align-center\" data-align=\"center\">bis 2000 kg<\/td><td class=\"has-text-align-center\" data-align=\"center\">17 \u20ac<\/td><td class=\"has-text-align-center\" data-align=\"center\">14 \u20ac<\/td><\/tr><tr><td class=\"has-text-align-center\" data-align=\"center\">bis 3000 kg<\/td><td class=\"has-text-align-center\" data-align=\"center\">22 \u20ac<\/td><td class=\"has-text-align-center\" data-align=\"center\">19 \u20ac<\/td><\/tr><tr><td class=\"has-text-align-center\" data-align=\"center\">bis 4000 kg<\/td><td class=\"has-text-align-center\" data-align=\"center\">29 \u20ac<\/td><td class=\"has-text-align-center\" data-align=\"center\">25 \u20ac<\/td><\/tr><tr><td class=\"has-text-align-center\" data-align=\"center\">bis 5000 kg<\/td><td class=\"has-text-align-center\" data-align=\"center\">36 \u20ac<\/td><td class=\"has-text-align-center\" data-align=\"center\">32 \u20ac<\/td><\/tr><tr><td class=\"has-text-align-center\" data-align=\"center\">\u00fcber 5000 kg<\/td><td class=\"has-text-align-center\" data-align=\"center\">42 \u20ac<\/td><td class=\"has-text-align-center\" data-align=\"center\">37 \u20ac<\/td><\/tr><\/tbody><\/table><\/figure>\n\n\n\n<h3 class=\"wp-block-heading\">Betriebsstoffe<\/h3>\n\n\n\n<figure class=\"wp-block-table is-style-stripes\" style=\"font-size:14px\"><table class=\"has-colibri-color-6-color has-colibri-color-5-background-color has-text-color has-background has-fixed-layout\"><thead><tr><th class=\"has-text-align-center\" data-align=\"center\">Art<\/th><th class=\"has-text-align-center\" data-align=\"center\">Preis<\/th><th class=\"has-text-align-center\" data-align=\"center\"><\/th><\/tr><\/thead><tbody><tr><td class=\"has-text-align-center\" data-align=\"center\">AVGAS 100 LL (je Liter)<\/td><td class=\"has-text-align-center\" data-align=\"center\">2,87 \u20ac<\/td><td class=\"has-text-align-center\" data-align=\"center\"><\/td><\/tr><tr><td class=\"has-text-align-center\" data-align=\"center\">MOGAS (Super Plus, je Liter)<\/td><td class=\"has-text-align-center\" data-align=\"center\">2,67\u20ac<\/td><td class=\"has-text-align-center\" data-align=\"center\"><\/td><\/tr><tr><td class=\"has-text-align-center\" data-align=\"center\">\u00d6l 15W50 (je Liter)<\/td><td class=\"has-text-align-center\" data-align=\"center\">19,50 \u20ac<\/td><td class=\"has-text-align-center\" data-align=\"center\"><\/td><\/tr><\/tbody><\/table><\/figure>\n\n\n\n<h3 class=\"wp-block-heading\">Abstellgeb\u00fchren<\/h3>\n\n\n\n<figure class=\"wp-block-table is-style-stripes\" style=\"font-size:14px\"><table class=\"has-colibri-color-6-color has-colibri-color-5-background-color has-text-color has-background has-fixed-layout\"><thead><tr><th class=\"has-text-align-center\" data-align=\"center\">H\u00f6chstabfluggewicht<\/th><th class=\"has-text-align-center\" data-align=\"center\">Vorfeld<\/th><th class=\"has-text-align-center\" data-align=\"center\">Halle<\/th><\/tr><\/thead><tbody><tr><td class=\"has-text-align-center\" data-align=\"center\">bis 1000 kg<\/td><td class=\"has-text-align-center\" data-align=\"center\">6,00 \u20ac<\/td><td class=\"has-text-align-center\" data-align=\"center\">10,00 \u20ac<\/td><\/tr><tr><td class=\"has-text-align-center\" data-align=\"center\">bis 1200 kg<\/td><td class=\"has-text-align-center\" data-align=\"center\">7,00 \u20ac<\/td><td class=\"has-text-align-center\" data-align=\"center\">10,00 \u20ac<\/td><\/tr><tr><td class=\"has-text-align-center\" data-align=\"center\">bis 1400 kg<\/td><td class=\"has-text-align-center\" data-align=\"center\">9,00 \u20ac<\/td><td class=\"has-text-align-center\" data-align=\"center\">10,00 \u20ac<\/td><\/tr><tr><td class=\"has-text-align-center\" data-align=\"center\">bis 2000 kg<\/td><td class=\"has-text-align-center\" data-align=\"center\">14,00 \u20ac<\/td><td class=\"has-text-align-center\" data-align=\"center\">&#8211;<\/td><\/tr><tr><td class=\"has-text-align-center\" data-align=\"center\">bis 3000 kg<\/td><td class=\"has-text-align-center\" data-align=\"center\">19,00 \u20ac<\/td><td class=\"has-text-align-center\" data-align=\"center\">&#8211;<\/td><\/tr><tr><td class=\"has-text-align-center\" data-align=\"center\">bis 4000 kg<\/td><td class=\"has-text-align-center\" data-align=\"center\">25,00 \u20ac<\/td><td class=\"has-text-align-center\" data-align=\"center\">&#8211;<\/td><\/tr><tr><td class=\"has-text-align-center\" data-align=\"center\">bis 5000 kg<\/td><td class=\"has-text-align-center\" data-align=\"center\">32,00 \u20ac<\/td><td class=\"has-text-align-center\" data-align=\"center\">&#8211;<\/td><\/tr><tr><td class=\"has-text-align-center\" data-align=\"center\">\u00fcber 5000 kg<\/td><td class=\"has-text-align-center\" data-align=\"center\">37,00 \u20ac<\/td><td class=\"has-text-align-center\" data-align=\"center\">&#8211;<\/td><\/tr><\/tbody><\/table><\/figure>\n\n\n\n<p class=\"has-colibri-color-6-color has-text-color has-small-font-size\">Abstellgeb\u00fchren fallen beim Abstellen eines Luftfahrzeugs \u00fcber Nacht an.<\/p>\n\n\n\n<h3 class=\"wp-block-heading\">Sonstiges<\/h3>\n\n\n\n<figure class=\"wp-block-table is-style-stripes\" style=\"font-size:14px\"><table class=\"has-colibri-color-6-color has-colibri-color-5-background-color has-text-color has-background has-fixed-layout\"><thead><tr><th class=\"has-text-align-center\" data-align=\"center\">Art<\/th><th class=\"has-text-align-center\" data-align=\"center\">Preis<\/th><th><\/th><\/tr><\/thead><tbody><tr><td class=\"has-text-align-center\" data-align=\"center\">Schleppgeb\u00fchr, Windenstart<\/td><td class=\"has-text-align-center\" data-align=\"center\">8,00 \u20ac<\/td><td><\/td><\/tr><tr><td class=\"has-text-align-center\" data-align=\"center\">Schleppgeb\u00fchr, F-Schlepp (je Min)<\/td><td class=\"has-text-align-center\" data-align=\"center\">4,61 \u20ac<\/td><td><\/td><\/tr><tr><td class=\"has-text-align-center\" data-align=\"center\">DFS-An\/Abfluggeb\u00fchr<\/td><td class=\"has-text-align-center\" data-align=\"center\">23,00 \u20ac<\/td><td><\/td><\/tr><\/tbody><\/table><\/figure>\n\n\n\n<div style=\"height:50px\" aria-hidden=\"true\" class=\"wp-block-spacer\"><\/div>\n\n\n\n<h2 class=\"wp-block-heading\">Flugpl\u00e4tze in der N\u00e4he<\/h2>\n\n\n\n<p class=\"has-colibri-color-6-color has-text-color\">Flugplatz L\u00fcneburg (EDHG)<br><a href=\"http:\/\/www.edhg.de\/\" target=\"_blank\" rel=\"noreferrer noopener\">www.edhg.de<\/a><\/p>\n\n\n\n<p class=\"has-colibri-color-6-color has-text-color\">Flugplatz Celle-Arloh (EDVC)<br><a href=\"http:\/\/www.flugsportvereincelle.de\/\" target=\"_blank\" rel=\"noreferrer noopener\">www.flugsportvereincelle.de<\/a><\/p>\n\n\n\n<p class=\"has-colibri-color-6-color has-text-color\">Flugplatz L\u00fcchow-Rehbeck (EDHC)<br><a href=\"http:\/\/www.lsv-luechow.de\/\" target=\"_blank\" rel=\"noreferrer noopener\">www.lsv-luechow.de<\/a><\/p>\n\n\n\n<p class=\"has-colibri-color-6-color has-text-color\">Flugplatz Hodenhagen (EDVH)<br><a href=\"http:\/\/www.flugplatz-hodenhagen.de\/\" target=\"_blank\" rel=\"noreferrer noopener\">www.flugplatz-hodenhagen.de<\/a><\/p>\n\n\n\n<p class=\"has-colibri-color-6-color has-text-color\">Milit\u00e4rflugpl\u00e4tze:<br>Fassberg (ETHS)<br>Celle<\/p>\n","protected":false},"excerpt":{"rendered":"<p>Diese Seite enth\u00e4lt eine \u00dcbersicht aller relevanten Informationen f\u00fcr Pilotinnen und Piloten, die den Flugplatz Uelzen anfliegen m\u00f6chten. Die \u00dcbersicht erhebt keinen Anspruch auf Vollst\u00e4ndigkeit und ist kein rechtsg\u00fcltiger Nachweis [&hellip;]<\/p>\n","protected":false},"author":3,"featured_media":0,"parent":0,"menu_order":0,"comment_status":"closed","ping_status":"closed","template":"","meta":{"footnotes":""},"class_list":["post-134","page","type-page","status-publish","hentry"],"_links":{"self":[{"href":"https:\/\/www.flugplatz-uelzen.de\/wordpress\/wp-json\/wp\/v2\/pages\/134","targetHints":{"allow":["GET"]}}],"collection":[{"href":"https:\/\/www.flugplatz-uelzen.de\/wordpress\/wp-json\/wp\/v2\/pages"}],"about":[{"href":"https:\/\/www.flugplatz-uelzen.de\/wordpress\/wp-json\/wp\/v2\/types\/page"}],"author":[{"embeddable":true,"href":"https:\/\/www.flugplatz-uelzen.de\/wordpress\/wp-json\/wp\/v2\/users\/3"}],"replies":[{"embeddable":true,"href":"https:\/\/www.flugplatz-uelzen.de\/wordpress\/wp-json\/wp\/v2\/comments?post=134"}],"version-history":[{"count":0,"href":"https:\/\/www.flugplatz-uelzen.de\/wordpress\/wp-json\/wp\/v2\/pages\/134\/revisions"}],"wp:attachment":[{"href":"https:\/\/www.flugplatz-uelzen.de\/wordpress\/wp-json\/wp\/v2\/media?parent=134"}],"curies":[{"name":"wp","href":"https:\/\/api.w.org\/{rel}","templated":true}]}}